{"id":1109,"date":"2023-11-14T20:44:57","date_gmt":"2023-11-14T20:44:57","guid":{"rendered":"https:\/\/www.ecowater.com\/services-fr\/installation\/"},"modified":"2024-03-07T19:01:41","modified_gmt":"2024-03-07T19:01:41","slug":"installation","status":"publish","type":"page","link":"https:\/\/www.ecowater.com\/fr\/services-fr\/installation\/","title":{"rendered":"Installation"},"content":{"rendered":"\n<section class=\"inner-banner\">\n\t\t<img loading=\"lazy\" decoding=\"async\" width=\"1431\" height=\"461\" src=\"https:\/\/www.ecowater.com\/wp-content\/uploads\/2024\/01\/banner_installation.jpg\" class=\"banner-bg-img w-100 h-100 position-absolute\" alt=\"A man holding a plies on a machine\" data-aos=\"fade-in\" srcset=\"https:\/\/www.ecowater.com\/wp-content\/uploads\/2024\/01\/banner_installation.jpg 1431w, https:\/\/www.ecowater.com\/wp-content\/uploads\/2024\/01\/banner_installation-300x97.jpg 300w, https:\/\/www.ecowater.com\/wp-content\/uploads\/2024\/01\/banner_installation-1024x330.jpg 1024w, https:\/\/www.ecowater.com\/wp-content\/uploads\/2024\/01\/banner_installation-768x247.jpg 768w\" sizes=\"auto, (max-width: 1431px) 100vw, 1431px\" \/>\t\t\t<div class=\"container\">\n\t\t\t<div class=\"row\">\n\t\t\t\t<div class=\"col-12\">\n\t\t\t\t\t<div class=\"banner-content text-center z-index-up position-relative\" data-aos=\"fade-in\">\n\t\t\t\t\t\t<h1 class=\"pre-heading\">Installation d\u2019un adoucisseur d\u2019eau et d\u2019un filtre EcoWater<\/h1>\n<h2 class=\"h1\">Une installation impeccable de votre syst\u00e8me de traitement de l\u2019eau avec un service professionnel.<br \/>\nCommencez<\/h2>\n\t\t\t\t\t<\/div>\n\t\t\t\t<\/div>\n\t\t\t<\/div>\n\t\t<\/div>\n\t<\/section>\n\n\n\n<section class=\"alternating-content\">\n\t\t<div class=\"container-lg\">\n\t\t<div class=\"row\">\n\t\t\t<div class=\"col-md-8 mb-lg-0 mb-4 d-flex align-items-center\"\n\t\t\t\t data-aos=\"fade-in\">\n\t\t\t\t<div class=\"alt-content-wrap\">\n\t\t\t\t\t<h2>Installation par les experts d\u2019EcoWater<\/h2>\n<p>Tous les syst\u00e8mes de traitement de l\u2019eau ne s\u2019\u00e9quivalent pas. C\u2019est pourquoi EcoWater collabore avec plus de 250 revendeurs disposant de techniciens hautement qualifi\u00e9s pour cr\u00e9er une solution sur mesure adapt\u00e9e \u00e0 vos besoins pr\u00e9cis. Les services d\u2019installation propos\u00e9s par la plupart des revendeurs comprennent:<\/p>\n<ul>\n<li>Syst\u00e8mes de filtration domestique centraux<\/li>\n<li>Syst\u00e8mes de purification d\u2019eau, y compris les filtres par osmose invers\u00e9e<\/li>\n<li>yst\u00e8mes de filtration pour eaux probl\u00e9matiques<\/li>\n<li>Adoucisseurs d\u2019eau domestiques<\/li>\n<li>Syst\u00e8mes anticalcaires \u00e9liminant l\u2019eau dure<\/li>\n<li>Surveillance HydroLink\u00ae et d\u00e9tection de fuites Phyn<\/li>\n<\/ul>\n\t\t\t\t\t<div class=\"d-flex flex-column flex-sm-row align-items-start\">\n\t\t\t\t\t\t\t\t\t\t\t\t\t<a class=\"btn btn-primary\" href=\"#dealer-contact\"\n\t\t\t\t\t\t\t   target=\"_self\">Prenez rendez-vous maintenant<\/a>\n\t\t\t\t\t\t\t\t\t\t\t\t\t\t\t\t\t<\/div>\n\t\t\t\t\t\t\t\t\t<\/div>\n\t\t\t<\/div>\n\t\t\t<div class=\"col-md-4 text-center justify-content-center\"\n\t\t\t\t data-aos=\"fade-in\">\n\t\t\t\t<img loading=\"lazy\" decoding=\"async\" width=\"356\" height=\"235\" src=\"https:\/\/www.ecowater.com\/wp-content\/uploads\/2023\/11\/gettyimages-1312945658-612x612-1.jpg\" class=\"rounded-half\" alt=\"A hand holding a device\" srcset=\"https:\/\/www.ecowater.com\/wp-content\/uploads\/2023\/11\/gettyimages-1312945658-612x612-1.jpg 356w, https:\/\/www.ecowater.com\/wp-content\/uploads\/2023\/11\/gettyimages-1312945658-612x612-1-300x198.jpg 300w\" sizes=\"auto, (max-width: 356px) 100vw, 356px\" \/>\t\t\t<\/div>\n\t\t<\/div>\n\t<\/div>\n<\/section>\n\n\n\n<section class=\"icons bg-blue\">\n\t\t<div class=\"container-lg\">\n\t\t\t\t\t<div class=\"row mb-5\">\n\t\t\t\t<div class=\"col-12\" data-aos=\"fade-in\">\n\t\t\t\t\t<h2 style=\"text-align: center;\">Des installateurs de confiance<\/h2>\n\t\t\t\t<\/div>\n\t\t\t<\/div>\n\t\t\t\t\t\t\t\t\t<div class=\"row\">\n\t\t\t\t\t\t\t\t\t\t\t\t\t\t<div class=\"col-md-4 d-flex flex-column-reverse\" data-aos=\"fade-up\" data-aos-delay=\"50\">\n\t\t\t\t\t\t<h3 class=\"text-center\">R\u00e9seau de professionnels agr\u00e9\u00e9s Water Pro<\/h3><img loading=\"lazy\" decoding=\"async\" width=\"73\" height=\"92\" src=\"https:\/\/www.ecowater.com\/wp-content\/uploads\/2023\/11\/icon-award.svg\" class=\"icon mx-auto mb-3\" alt=\"Award icon\" \/>\t\t\t\t\t<\/div>\n\t\t\t\t\t\t\t\t\t\t\t\t\t\t<div class=\"col-md-4 d-flex flex-column-reverse\" data-aos=\"fade-up\" data-aos-delay=\"100\">\n\t\t\t\t\t\t<h3 class=\"text-center\">Garantie compl\u00e8te<\/h3><img loading=\"lazy\" decoding=\"async\" width=\"67\" height=\"90\" src=\"https:\/\/www.ecowater.com\/wp-content\/uploads\/2023\/11\/icon-shield.svg\" class=\"icon mx-auto mb-3\" alt=\"Shield icon\" \/>\t\t\t\t\t<\/div>\n\t\t\t\t\t\t\t\t\t\t\t\t\t\t<div class=\"col-md-4 d-flex flex-column-reverse\" data-aos=\"fade-up\" data-aos-delay=\"150\">\n\t\t\t\t\t\t<h3 class=\"text-center\">Solutions personnalis\u00e9es<\/h3><img loading=\"lazy\" decoding=\"async\" width=\"83\" height=\"86\" src=\"https:\/\/www.ecowater.com\/wp-content\/uploads\/2023\/11\/icon-solutions.svg\" class=\"icon mx-auto mb-3\" alt=\"Test tube and paperwork icon\" \/>\t\t\t\t\t<\/div>\n\t\t\t\t\t\t\t<\/div>\n\t\t\t<\/div>\n<\/section>\n\n\n\n<section class=\"testimonial-slider\">\n\t\t<div class=\"container-lg\">\n\t\t<div class=\"row justify-content-center\">\n\t\t\t<div class=\"col-md-10 px-sm-3 px-3 position-relative\">\n\t\t\t\t\t\t\t\t\t<div class=\"quotes\">\n\t\t\t\t\t\t<img\n\t\t\t\t\t\t\tsrc=\"https:\/\/www.ecowater.com\/wp-content\/themes\/ecowater\/assets\/images\/svg\/quotes-green.svg\"\n\t\t\t\t\t\t\talt=\"\"\n\t\t\t\t\t\t\taria-hidden=\"true\">\n\t\t\t\t\t<\/div>\n\t\t\t\t\t<div class=\"testimonial-slides\" data-aos=\"fade-in\">\n\t\t\t\t\t\t\t\t\t\t\t\t\t\t\t\t\t\t\t\t<figure class=\"text-center\">\n\t\t\t\t\t\t\t\t\t\t\t\t\t\t\t\t\t<blockquote><p>Le service All-Rite est rapide, courtois et professionnel. Je suis tr\u00e8s satisfait de leur produit EcoWater et de leur \u00e9quipe. Merci Michael, de m\u2019avoir accord\u00e9 un rendez-vous \u00e0 si court terme!<\/p>\n<\/blockquote>\n\t\t\t\t\t\t\t\t\t\t\t\t\t\t\t\t\t\t\t\t\t\t\t\t\t<figcaption>\n\t\t\t\t\t\t\t\t\t\tPaul H.\t\t\t\t\t\t\t\t\t\t\t\t\t\t\t\t\t\t\t\t\t<span>Revendeur EcoWater d\u00e9di\u00e9, Vero Beach, FL<\/span>\n\t\t\t\t\t\t\t\t\t\t\t\t\t\t\t\t\t\t\t<\/figcaption>\n\t\t\t\t\t\t\t\t\t\t\t\t\t\t\t<\/figure>\n\t\t\t\t\t\t\t\t\t\t\t\t\t\t\t\t\t\t\t\t<figure class=\"text-center\">\n\t\t\t\t\t\t\t\t\t\t\t\t\t\t\t\t\t<blockquote><p>Ils ont fait\u00a0ce qui semblait impossible! Nous avons rencontr\u00e9 Advanced Water Systems pour la premi\u00e8re fois \u00e0 un\u00a0\u00e9v\u00e8nement communautaire.\u00a0 J&rsquo;\u00e9tais sceptique en raison de la gravit\u00e9 de notre probl\u00e8me d&rsquo;eau. Par le pass\u00e9, nous avons rencontr\u00e9 un certain nombre d&rsquo;entreprises qui ont essay\u00e9s de r\u00e9gler notre probl\u00e8me d&rsquo;eau potable sans succ\u00e8s.\u00a0 Advanced\u00a0Water Systems\u00a0a dit qu&rsquo;ils pouvaient nous aider.\u00a0 Apr\u00e8s la rencontre, nous avons d\u00e9cid\u00e9 d&rsquo;essayer\u00a0 leur solution.\u00a0 Son \u00e9quipe est arriv\u00e9, a test\u00e9 l&rsquo;eau, fait des recommandations et install\u00e9 le syst\u00e8me de production d&rsquo;eau. Nous pouvons d\u00e9sormais boire notre eau !!! Je pensais que le tout \u00e9tait trop beau pour \u00eatre vrai et ceci semble encore invraisemblable que nous puissions\u00a0\u00a0boire notre eau directement du robinet. Ils ont fait\u00a0ce qui semblait impossible! Je ne peux pas en dire \u00e0 quel point ces gars-l\u00e0 nous ont aid\u00e9s.\u00a0 Merci encore \u00e0 Roger, Rich, et toute l&rsquo;\u00e9quipe de Advanced Water Systems.<\/p>\n<\/blockquote>\n\t\t\t\t\t\t\t\t\t\t\t\t\t\t\t\t\t\t\t\t\t\t\t\t\t<figcaption>\n\t\t\t\t\t\t\t\t\t\tDan &#038; Dee D.\t\t\t\t\t\t\t\t\t\t\t\t\t\t\t\t\t\t\t\t\t<span>Advanced Water Systems \u2013 Berlin, NY<\/span>\n\t\t\t\t\t\t\t\t\t\t\t\t\t\t\t\t\t\t\t<\/figcaption>\n\t\t\t\t\t\t\t\t\t\t\t\t\t\t\t<\/figure>\n\t\t\t\t\t\t\t\t\t\t\t\t\t\t\t\t\t\t\t\t<figure class=\"text-center\">\n\t\t\t\t\t\t\t\t\t\t\t\t\t\t\t\t\t<blockquote><p>Je tiens \u00e0 vous remercier pour vos soins\u00a0et votre merveilleux service. L&rsquo;installation a \u00e9t\u00e9 impeccable et professionnellement fait.\u00a0\u00a0 Je pensais que beaucoup de ce que vous disiez sur le syst\u00e8me \u00e9tait une tactique de de vente mais je suis agr\u00e9ablement surpris que le tout est vrai. L&rsquo;eau a bon go\u00fbt! Plus besoins d&rsquo;eau en bouteille. Notre syst\u00e8me d&rsquo;eau chaude fonctionne beaucoup mieux ce qui m&rsquo;a permis de baisser le\u00a0thermostat &#8230; et\u00a0 \u00e9conomiser $$$.\u00a0 Je sais que vous me l&rsquo;avez dit, je regrette juste de ne pas avoir fait cela, il y a des ann\u00e9es.<\/p>\n<\/blockquote>\n\t\t\t\t\t\t\t\t\t\t\t\t\t\t\t\t\t\t\t\t\t\t\t\t\t<figcaption>\n\t\t\t\t\t\t\t\t\t\tMichael M.\t\t\t\t\t\t\t\t\t\t\t\t\t\t\t\t\t\t\t\t\t<span>EcoWater Socal<\/span>\n\t\t\t\t\t\t\t\t\t\t\t\t\t\t\t\t\t\t\t<\/figcaption>\n\t\t\t\t\t\t\t\t\t\t\t\t\t\t\t<\/figure>\n\t\t\t\t\t\t\t\t\t\t\t<\/div>\n\t\t\t\t\t\t\t<\/div>\n\t\t<\/div>\n\t<\/div>\n<\/section>\n\n\n\n<section class=\"blue-cta mb-0\">\n\t\t<div class=\"blue-half\"><\/div>\n\t<div class=\"image-half d-none d-md-block\">\n\t\t<img loading=\"lazy\" decoding=\"async\" width=\"879\" height=\"431\" src=\"https:\/\/www.ecowater.com\/wp-content\/uploads\/2023\/11\/img_dealer-in-home.jpg\" class=\"attachment-full size-full\" alt=\"EcoWater dealer in potential customers home showing them information on an ipad\" srcset=\"https:\/\/www.ecowater.com\/wp-content\/uploads\/2023\/11\/img_dealer-in-home.jpg 879w, https:\/\/www.ecowater.com\/wp-content\/uploads\/2023\/11\/img_dealer-in-home-300x147.jpg 300w, https:\/\/www.ecowater.com\/wp-content\/uploads\/2023\/11\/img_dealer-in-home-768x377.jpg 768w\" sizes=\"auto, (max-width: 879px) 100vw, 879px\" \/>\t<\/div>\n\t<div class=\"container-lg\">\n\t\t<div class=\"row\">\n\t\t\t<div class=\"col-md-6\">\n\t\t\t\t<div class=\"copy\" data-aos=\"fade-in\">\n\t\t\t\t\t<h2>Trouvez des r\u00e9ponses aupr\u00e8s d\u2019un revendeur EcoWater pr\u00e8s de chez vous<\/h2>\n<p>Il est facile de trouver un revendeur EcoWater \u00e0 proximit\u00e9 pour r\u00e9soudre tous les probl\u00e8mes \u00e9prouv\u00e9s en lien avec votre eau et r\u00e9pondre \u00e0 toutes vos questions.<\/p>\n\t\t\t\t<\/div>\n\t\t\t\t\t\t\t<\/div>\n\t\t<\/div>\n\t<\/div>\n<\/section>\n\n\n\n<section class=\"contact-form mb-0 bg-video-section\" id=\"dealer-contact\">\n\t\t<video data-aos=\"fade-in\" class=\"background-video d-block w-100 lazy\" loop autoplay playsinline muted><source data-src=\"https:\/\/www.ecowater.com\/wp-content\/uploads\/2023\/12\/GettyImages-1041108162_4.mp4\" type=\"video\/mp4\"><\/video>\t<div class=\"container-lg\">\n\t\t<div class=\"row\">\n\t\t\t\t\t\t\t<div class=\"col-md-4 mb-4\" data-aos=\"fade-in\">\n\t\t\t\t\t<h2>Profitez de notre expertise<\/h2>\n<p>Fournissez les informations suivantes pour qu\u2019EcoWater puisse am\u00e9liorer le go\u00fbt et la qualit\u00e9 de l\u2019eau de votre domicile.<\/p>\n\t\t\t\t<\/div>\n\t\t\t\t\t\t<div class=\"col-md-8\" data-aos=\"fade-in\">\n\t\t\t\t\t\t\t\t\t\t\t\t\t<div class=\"form-container ms-0 ms-md-5\">\n\t\t\t\t\t\t<div class=\"w-100\" data-hs-id=\"67e4fb88-e1fc-42d0-8af5-1d84cca7aae5\" id=\"hs-67e4fb88-e1fc-42d0-8af5-1d84cca7aae5\"><\/div>\t\t\t\t\t<\/div>\n\t\t\t\t\t\t\t\t\t\t\t<\/div>\n\t\t<\/div>\n\t<\/div>\n<\/section>\n","protected":false},"excerpt":{"rendered":"","protected":false},"author":1,"featured_media":0,"parent":1105,"menu_order":0,"comment_status":"closed","ping_status":"closed","template":"","meta":{"_acf_changed":false,"content-type":"","footnotes":""},"class_list":["post-1109","page","type-page","status-publish","hentry"],"acf":[],"yoast_head":"<!-- This site is optimized with the Yoast SEO plugin v27.0 - https:\/\/yoast.com\/product\/yoast-seo-wordpress\/ -->\n<title>Installation de syst\u00e8mes de filtration et d\u2019adoucissement d\u2019eau pour la maison | EcoWater<\/title>\n<meta name=\"description\" content=\"EcoWater compte pr\u00e8s de 200 partenaires revendeurs dot\u00e9s de techniciens hautement qualifi\u00e9s. Un expert en traitement de l\u2019eau \u00e9laborera une solution sp\u00e9cifiquement adapt\u00e9e \u00e0 vos exigences en mati\u00e8re de traitement de l\u2019eau domestique.\" \/>\n<meta name=\"robots\" content=\"index, follow, max-snippet:-1, max-image-preview:large, max-video-preview:-1\" \/>\n<link rel=\"canonical\" href=\"https:\/\/www.ecowater.com\/fr\/services-fr\/installation\/\" \/>\n<meta property=\"og:locale\" content=\"fr_FR\" \/>\n<meta property=\"og:type\" content=\"article\" \/>\n<meta property=\"og:title\" content=\"Installation de syst\u00e8mes de filtration et d\u2019adoucissement d\u2019eau pour la maison | EcoWater\" \/>\n<meta property=\"og:description\" content=\"EcoWater compte pr\u00e8s de 200 partenaires revendeurs dot\u00e9s de techniciens hautement qualifi\u00e9s. Un expert en traitement de l\u2019eau \u00e9laborera une solution sp\u00e9cifiquement adapt\u00e9e \u00e0 vos exigences en mati\u00e8re de traitement de l\u2019eau domestique.\" \/>\n<meta property=\"og:url\" content=\"https:\/\/www.ecowater.com\/fr\/services-fr\/installation\/\" \/>\n<meta property=\"og:site_name\" content=\"EcoWater\" \/>\n<meta property=\"article:modified_time\" content=\"2024-03-07T19:01:41+00:00\" \/>\n<meta name=\"twitter:card\" content=\"summary_large_image\" \/>\n<script type=\"application\/ld+json\" class=\"yoast-schema-graph\">{\"@context\":\"https:\/\/schema.org\",\"@graph\":[{\"@type\":\"WebPage\",\"@id\":\"https:\/\/www.ecowater.com\/fr\/services-fr\/installation\/\",\"url\":\"https:\/\/www.ecowater.com\/fr\/services-fr\/installation\/\",\"name\":\"Installation de syst\u00e8mes de filtration et d\u2019adoucissement d\u2019eau pour la maison | EcoWater\",\"isPartOf\":{\"@id\":\"https:\/\/www.ecowater.com\/fr\/#website\"},\"datePublished\":\"2023-11-14T20:44:57+00:00\",\"dateModified\":\"2024-03-07T19:01:41+00:00\",\"description\":\"EcoWater compte pr\u00e8s de 200 partenaires revendeurs dot\u00e9s de techniciens hautement qualifi\u00e9s. Un expert en traitement de l\u2019eau \u00e9laborera une solution sp\u00e9cifiquement adapt\u00e9e \u00e0 vos exigences en mati\u00e8re de traitement de l\u2019eau domestique.\",\"breadcrumb\":{\"@id\":\"https:\/\/www.ecowater.com\/fr\/services-fr\/installation\/#breadcrumb\"},\"inLanguage\":\"fr-FR\",\"potentialAction\":[{\"@type\":\"ReadAction\",\"target\":[\"https:\/\/www.ecowater.com\/fr\/services-fr\/installation\/\"]}]},{\"@type\":\"BreadcrumbList\",\"@id\":\"https:\/\/www.ecowater.com\/fr\/services-fr\/installation\/#breadcrumb\",\"itemListElement\":[{\"@type\":\"ListItem\",\"position\":1,\"name\":\"Home\",\"item\":\"https:\/\/www.ecowater.com\/fr\/\"},{\"@type\":\"ListItem\",\"position\":2,\"name\":\"Services\",\"item\":\"https:\/\/www.ecowater.com\/fr\/services-fr\/\"},{\"@type\":\"ListItem\",\"position\":3,\"name\":\"Installation\"}]},{\"@type\":\"WebSite\",\"@id\":\"https:\/\/www.ecowater.com\/fr\/#website\",\"url\":\"https:\/\/www.ecowater.com\/fr\/\",\"name\":\"EcoWater\",\"description\":\"\",\"publisher\":{\"@id\":\"https:\/\/www.ecowater.com\/fr\/#organization\"},\"potentialAction\":[{\"@type\":\"SearchAction\",\"target\":{\"@type\":\"EntryPoint\",\"urlTemplate\":\"https:\/\/www.ecowater.com\/fr\/?s={search_term_string}\"},\"query-input\":{\"@type\":\"PropertyValueSpecification\",\"valueRequired\":true,\"valueName\":\"search_term_string\"}}],\"inLanguage\":\"fr-FR\"},{\"@type\":\"Organization\",\"@id\":\"https:\/\/www.ecowater.com\/fr\/#organization\",\"name\":\"EcoWater\",\"url\":\"https:\/\/www.ecowater.com\/fr\/\",\"logo\":{\"@type\":\"ImageObject\",\"inLanguage\":\"fr-FR\",\"@id\":\"https:\/\/www.ecowater.com\/fr\/#\/schema\/logo\/image\/\",\"url\":\"https:\/\/www.ecowater.com\/wp-content\/uploads\/2023\/10\/EcoWater-Logo.svg\",\"contentUrl\":\"https:\/\/www.ecowater.com\/wp-content\/uploads\/2023\/10\/EcoWater-Logo.svg\",\"caption\":\"EcoWater\"},\"image\":{\"@id\":\"https:\/\/www.ecowater.com\/fr\/#\/schema\/logo\/image\/\"}}]}<\/script>\n<!-- \/ Yoast SEO plugin. -->","yoast_head_json":{"title":"Installation de syst\u00e8mes de filtration et d\u2019adoucissement d\u2019eau pour la maison | EcoWater","description":"EcoWater compte pr\u00e8s de 200 partenaires revendeurs dot\u00e9s de techniciens hautement qualifi\u00e9s. Un expert en traitement de l\u2019eau \u00e9laborera une solution sp\u00e9cifiquement adapt\u00e9e \u00e0 vos exigences en mati\u00e8re de traitement de l\u2019eau domestique.","robots":{"index":"index","follow":"follow","max-snippet":"max-snippet:-1","max-image-preview":"max-image-preview:large","max-video-preview":"max-video-preview:-1"},"canonical":"https:\/\/www.ecowater.com\/fr\/services-fr\/installation\/","og_locale":"fr_FR","og_type":"article","og_title":"Installation de syst\u00e8mes de filtration et d\u2019adoucissement d\u2019eau pour la maison | EcoWater","og_description":"EcoWater compte pr\u00e8s de 200 partenaires revendeurs dot\u00e9s de techniciens hautement qualifi\u00e9s. Un expert en traitement de l\u2019eau \u00e9laborera une solution sp\u00e9cifiquement adapt\u00e9e \u00e0 vos exigences en mati\u00e8re de traitement de l\u2019eau domestique.","og_url":"https:\/\/www.ecowater.com\/fr\/services-fr\/installation\/","og_site_name":"EcoWater","article_modified_time":"2024-03-07T19:01:41+00:00","twitter_card":"summary_large_image","schema":{"@context":"https:\/\/schema.org","@graph":[{"@type":"WebPage","@id":"https:\/\/www.ecowater.com\/fr\/services-fr\/installation\/","url":"https:\/\/www.ecowater.com\/fr\/services-fr\/installation\/","name":"Installation de syst\u00e8mes de filtration et d\u2019adoucissement d\u2019eau pour la maison | EcoWater","isPartOf":{"@id":"https:\/\/www.ecowater.com\/fr\/#website"},"datePublished":"2023-11-14T20:44:57+00:00","dateModified":"2024-03-07T19:01:41+00:00","description":"EcoWater compte pr\u00e8s de 200 partenaires revendeurs dot\u00e9s de techniciens hautement qualifi\u00e9s. Un expert en traitement de l\u2019eau \u00e9laborera une solution sp\u00e9cifiquement adapt\u00e9e \u00e0 vos exigences en mati\u00e8re de traitement de l\u2019eau domestique.","breadcrumb":{"@id":"https:\/\/www.ecowater.com\/fr\/services-fr\/installation\/#breadcrumb"},"inLanguage":"fr-FR","potentialAction":[{"@type":"ReadAction","target":["https:\/\/www.ecowater.com\/fr\/services-fr\/installation\/"]}]},{"@type":"BreadcrumbList","@id":"https:\/\/www.ecowater.com\/fr\/services-fr\/installation\/#breadcrumb","itemListElement":[{"@type":"ListItem","position":1,"name":"Home","item":"https:\/\/www.ecowater.com\/fr\/"},{"@type":"ListItem","position":2,"name":"Services","item":"https:\/\/www.ecowater.com\/fr\/services-fr\/"},{"@type":"ListItem","position":3,"name":"Installation"}]},{"@type":"WebSite","@id":"https:\/\/www.ecowater.com\/fr\/#website","url":"https:\/\/www.ecowater.com\/fr\/","name":"EcoWater","description":"","publisher":{"@id":"https:\/\/www.ecowater.com\/fr\/#organization"},"potentialAction":[{"@type":"SearchAction","target":{"@type":"EntryPoint","urlTemplate":"https:\/\/www.ecowater.com\/fr\/?s={search_term_string}"},"query-input":{"@type":"PropertyValueSpecification","valueRequired":true,"valueName":"search_term_string"}}],"inLanguage":"fr-FR"},{"@type":"Organization","@id":"https:\/\/www.ecowater.com\/fr\/#organization","name":"EcoWater","url":"https:\/\/www.ecowater.com\/fr\/","logo":{"@type":"ImageObject","inLanguage":"fr-FR","@id":"https:\/\/www.ecowater.com\/fr\/#\/schema\/logo\/image\/","url":"https:\/\/www.ecowater.com\/wp-content\/uploads\/2023\/10\/EcoWater-Logo.svg","contentUrl":"https:\/\/www.ecowater.com\/wp-content\/uploads\/2023\/10\/EcoWater-Logo.svg","caption":"EcoWater"},"image":{"@id":"https:\/\/www.ecowater.com\/fr\/#\/schema\/logo\/image\/"}}]}},"_links":{"self":[{"href":"https:\/\/www.ecowater.com\/fr\/wp-json\/wp\/v2\/pages\/1109","targetHints":{"allow":["GET"]}}],"collection":[{"href":"https:\/\/www.ecowater.com\/fr\/wp-json\/wp\/v2\/pages"}],"about":[{"href":"https:\/\/www.ecowater.com\/fr\/wp-json\/wp\/v2\/types\/page"}],"author":[{"embeddable":true,"href":"https:\/\/www.ecowater.com\/fr\/wp-json\/wp\/v2\/users\/1"}],"replies":[{"embeddable":true,"href":"https:\/\/www.ecowater.com\/fr\/wp-json\/wp\/v2\/comments?post=1109"}],"version-history":[{"count":35,"href":"https:\/\/www.ecowater.com\/fr\/wp-json\/wp\/v2\/pages\/1109\/revisions"}],"predecessor-version":[{"id":5740,"href":"https:\/\/www.ecowater.com\/fr\/wp-json\/wp\/v2\/pages\/1109\/revisions\/5740"}],"up":[{"embeddable":true,"href":"https:\/\/www.ecowater.com\/fr\/wp-json\/wp\/v2\/pages\/1105"}],"wp:attachment":[{"href":"https:\/\/www.ecowater.com\/fr\/wp-json\/wp\/v2\/media?parent=1109"}],"curies":[{"name":"wp","href":"https:\/\/api.w.org\/{rel}","templated":true}]}}