{"id":1125,"date":"2023-12-08T20:29:33","date_gmt":"2023-12-08T20:29:33","guid":{"rendered":"https:\/\/www.ecowater.com\/about-fr\/about-ecowater\/"},"modified":"2024-01-29T17:48:47","modified_gmt":"2024-01-29T17:48:47","slug":"about-ecowater","status":"publish","type":"page","link":"https:\/\/www.ecowater.com\/fr\/about-fr\/about-ecowater\/","title":{"rendered":"\u00c0 propos des Syst\u00e8mes EcoWater"},"content":{"rendered":"\n<section class=\"inner-banner\">\n\t\t<img loading=\"lazy\" decoding=\"async\" width=\"1500\" height=\"483\" src=\"https:\/\/www.ecowater.com\/wp-content\/uploads\/2024\/01\/banner_about.jpg\" class=\"banner-bg-img w-100 h-100 position-absolute\" alt=\"A woman washing her face in the bathroom sink\" data-aos=\"fade-in\" srcset=\"https:\/\/www.ecowater.com\/wp-content\/uploads\/2024\/01\/banner_about.jpg 1500w, https:\/\/www.ecowater.com\/wp-content\/uploads\/2024\/01\/banner_about-300x97.jpg 300w, https:\/\/www.ecowater.com\/wp-content\/uploads\/2024\/01\/banner_about-1024x330.jpg 1024w, https:\/\/www.ecowater.com\/wp-content\/uploads\/2024\/01\/banner_about-768x247.jpg 768w\" sizes=\"auto, (max-width: 1500px) 100vw, 1500px\" \/>\t\t\t<div class=\"container\">\n\t\t\t<div class=\"row\">\n\t\t\t\t<div class=\"col-12\">\n\t\t\t\t\t<div class=\"banner-content text-center z-index-up position-relative\" data-aos=\"fade-in\">\n\t\t\t\t\t\t<h1 class=\"pre-heading\">\u00c0 propos des Syst\u00e8mes EcoWater<\/h1>\n<h2 class=\"h1\">Expertise locale, solutions d\u2019envergure mondiale<\/h2>\n\t\t\t\t\t<\/div>\n\t\t\t\t<\/div>\n\t\t\t<\/div>\n\t\t<\/div>\n\t<\/section>\n\n\n\n<section class=\"alternating-content\">\n\t\t<div class=\"container-lg\">\n\t\t<div class=\"row\">\n\t\t\t<div class=\"col-md-9 mb-lg-0 mb-4 d-flex align-items-center\"\n\t\t\t\t data-aos=\"fade-in\">\n\t\t\t\t<div class=\"alt-content-wrap\">\n\t\t\t\t\t<h2>Un si\u00e8cle de perfectionnement dans le traitement de l&rsquo;eau<\/h2>\n<p>Depuis 1925, EcoWater Systems rend l\u2019eau des foyers plus douce, plus propre et plus s\u00fbre. Aujourd\u2019hui, nous sommes l\u2019un des plus grands fabricants mondiaux de syst\u00e8mes de traitement de l\u2019eau domestique et nous proposons une gamme compl\u00e8te d\u2019\u00e9quipements commerciaux et industriels. <\/p>\n<p>Avec plus de 250 revendeurs agr\u00e9\u00e9s dans le monde, nous poss\u00e9dons l\u2019expertise n\u00e9cessaire pour diagnostiquer vos probl\u00e8mes d\u2019eau et fournir des syst\u00e8mes de traitement de l\u2019eau respectueux de l\u2019environnement et adapt\u00e9s \u00e0 vos besoins particuliers.<\/p>\n\t\t\t\t\t<div class=\"d-flex flex-column flex-sm-row align-items-start\">\n\t\t\t\t\t\t\t\t\t\t\t\t\t\t\t\t\t<\/div>\n\t\t\t\t\t\t\t\t\t<\/div>\n\t\t\t<\/div>\n\t\t\t<div class=\"col-md-3 text-center justify-content-center\"\n\t\t\t\t data-aos=\"fade-in\">\n\t\t\t\t<img loading=\"lazy\" decoding=\"async\" width=\"250\" height=\"214\" src=\"https:\/\/www.ecowater.com\/wp-content\/uploads\/2023\/12\/100yr-badge.png\" class=\"\" alt=\"100 anniversary logo\" \/>\t\t\t<\/div>\n\t\t<\/div>\n\t<\/div>\n<\/section>\n\n\n\n<section class=\"alternating-content\">\n\t\t<div class=\"container-lg\">\n\t\t<div class=\"row\">\n\t\t\t<div class=\"col-md-9 mb-lg-0 mb-4 d-flex align-items-center\"\n\t\t\t\t data-aos=\"fade-in\">\n\t\t\t\t<div class=\"alt-content-wrap\">\n\t\t\t\t\t<h2>Groupe Marmon, Berkshire Hathaway<\/h2>\n<p>EcoWater Systems fait partie du Groupe Marmon, une entreprise internationale regroupant plus de 180 organisations autonomes de fabrication et de services, et une filiale de la Berkshire Hathaway Company.<\/p>\n<p>EcoWater et les autres entreprises du Groupe Marmon partagent leur expertise, leurs connaissances et leurs ressources avec un objectif commun : la satisfaction du client.<\/p>\n\t\t\t\t\t<div class=\"d-flex flex-column flex-sm-row align-items-start\">\n\t\t\t\t\t\t\t\t\t\t\t\t\t\t\t\t\t<\/div>\n\t\t\t\t\t\t\t\t\t<\/div>\n\t\t\t<\/div>\n\t\t\t<div class=\"col-md-3 text-center justify-content-center\"\n\t\t\t\t data-aos=\"fade-in\">\n\t\t\t\t<img loading=\"lazy\" decoding=\"async\" width=\"431\" height=\"227\" src=\"https:\/\/www.ecowater.com\/wp-content\/uploads\/2023\/12\/Marmon_Weblogo_headshot_1539288333-1-1.png\" class=\"\" alt=\"Marmon - A Berkshire Hathaway Company logo\" srcset=\"https:\/\/www.ecowater.com\/wp-content\/uploads\/2023\/12\/Marmon_Weblogo_headshot_1539288333-1-1.png 431w, https:\/\/www.ecowater.com\/wp-content\/uploads\/2023\/12\/Marmon_Weblogo_headshot_1539288333-1-1-300x158.png 300w\" sizes=\"auto, (max-width: 431px) 100vw, 431px\" \/>\t\t\t<\/div>\n\t\t<\/div>\n\t<\/div>\n<\/section>\n\n\n\n<section class=\"alternating-content\">\n\t\t<div class=\"container-lg\">\n\t\t<div class=\"row\">\n\t\t\t<div class=\"col-md-9 mb-lg-0 mb-4 d-flex align-items-center\"\n\t\t\t\t data-aos=\"fade-in\">\n\t\t\t\t<div class=\"alt-content-wrap\">\n\t\t\t\t\t<h2>Nos valeurs<\/h2>\n<p>En tant que chef de file mondial, EcoWater s\u2019engage \u00e0 garantir la satisfaction des clients et \u00e0 assumer ses responsabilit\u00e9s environnementales et sociales, en mettant l\u2019accent sur:<\/p>\n<ul>\n<li>L\u2019investissement dans la recherche et le d\u00e9veloppement pour rester \u00e0 la fine pointe de l\u2019innovation<\/li>\n<li>Des solutions con\u00e7ues pour am\u00e9liorer la sant\u00e9 et la s\u00e9curit\u00e9 des clients<\/li>\n<li>Une qualit\u00e9 et une efficacit\u00e9 sup\u00e9rieures<\/li>\n<li>Des technologies faciles \u00e0 int\u00e9grer dans la vie quotidienne des clients<\/li>\n<li>La fourniture de syst\u00e8mes de traitement de l\u2019eau \u00e9cologiques<\/li>\n<\/ul>\n\t\t\t\t\t<div class=\"d-flex flex-column flex-sm-row align-items-start\">\n\t\t\t\t\t\t\t\t\t\t\t\t\t\t\t\t\t<\/div>\n\t\t\t\t\t\t\t\t\t<\/div>\n\t\t\t<\/div>\n\t\t\t<div class=\"col-md-3 text-center justify-content-center\"\n\t\t\t\t data-aos=\"fade-in\">\n\t\t\t\t<img loading=\"lazy\" decoding=\"async\" width=\"356\" height=\"235\" src=\"https:\/\/www.ecowater.com\/wp-content\/uploads\/2023\/12\/Mask-group.png\" class=\"rounded-half\" alt=\"hands under running water\" srcset=\"https:\/\/www.ecowater.com\/wp-content\/uploads\/2023\/12\/Mask-group.png 356w, https:\/\/www.ecowater.com\/wp-content\/uploads\/2023\/12\/Mask-group-300x198.png 300w\" sizes=\"auto, (max-width: 356px) 100vw, 356px\" \/>\t\t\t<\/div>\n\t\t<\/div>\n\t<\/div>\n<\/section>\n\n\n\n<section class=\"alternating-content\">\n\t\t<div class=\"container-lg\">\n\t\t<div class=\"row flex-row-reverse\">\n\t\t\t<div class=\"col-md-8 mb-lg-0 mb-4 d-flex align-items-center\"\n\t\t\t\t data-aos=\"fade-in\">\n\t\t\t\t<div class=\"alt-content-wrap\">\n\t\t\t\t\t<h2>Engagement envers l\u2019Innovation<\/h2>\n<p>Tout a commenc\u00e9 avec le premier brevet mondial pour un adoucisseur d\u2019eau automatique, que le fondateur d\u2019EcoWater, Lynn G. Lindsay Sr., a re\u00e7u en 1925. Depuis ses d\u00e9buts, EcoWater s\u2019est consacr\u00e9e \u00e0 l\u2019innovation, avec un engagement constant \u00e0 d\u00e9velopper des solutions r\u00e9pondant pr\u00e9cis\u00e9ment aux besoins de sa client\u00e8le. Lorsque M. Lindsay a obtenu ce premier brevet, les besoins en eau domestique \u00e9taient bien diff\u00e9rents. \u00c0 cette \u00e9poque, personne ne s\u2019inqui\u00e9tait des microplastiques ou des \u00ab produits chimiques \u00e9ternels \u00bb, car ils n\u2019avaient pas encore fait leur apparition.    <\/p>\n<p>Bien que nous ne puissions pas pr\u00e9voir pr\u00e9cis\u00e9ment quels seront les besoins en eau domestique dans 100 ans, notre objectif est de rester un chef de file dans l\u2019industrie, toujours centr\u00e9s sur nos clients et \u00e0 l\u2019\u00e9coute de leurs attentes.<\/p>\n\t\t\t\t\t<div class=\"d-flex flex-column flex-sm-row align-items-start\">\n\t\t\t\t\t\t\t\t\t\t\t\t\t\t\t\t\t<\/div>\n\t\t\t\t\t\t\t\t\t<\/div>\n\t\t\t<\/div>\n\t\t\t<div class=\"col-md-4 text-center justify-content-center\"\n\t\t\t\t data-aos=\"fade-in\">\n\t\t\t\t<img loading=\"lazy\" decoding=\"async\" width=\"355\" height=\"236\" src=\"https:\/\/www.ecowater.com\/wp-content\/uploads\/2023\/12\/Mask-group-1.png\" class=\"rounded-half\" alt=\"a close up of a hand holding a cell phone looking at data\" srcset=\"https:\/\/www.ecowater.com\/wp-content\/uploads\/2023\/12\/Mask-group-1.png 355w, https:\/\/www.ecowater.com\/wp-content\/uploads\/2023\/12\/Mask-group-1-300x199.png 300w\" sizes=\"auto, (max-width: 355px) 100vw, 355px\" \/>\t\t\t<\/div>\n\t\t<\/div>\n\t<\/div>\n<\/section>\n\n\n\n<section class=\"blue-cta\">\n\t\t<div class=\"blue-half\"><\/div>\n\t<div class=\"image-half d-none d-md-block\">\n\t\t<img loading=\"lazy\" decoding=\"async\" width=\"1186\" height=\"431\" src=\"https:\/\/www.ecowater.com\/wp-content\/uploads\/2023\/12\/ecowater_home-1.png\" class=\"attachment-full size-full\" alt=\"A woman shaking a man&#039;s hand\" srcset=\"https:\/\/www.ecowater.com\/wp-content\/uploads\/2023\/12\/ecowater_home-1.png 1186w, https:\/\/www.ecowater.com\/wp-content\/uploads\/2023\/12\/ecowater_home-1-300x109.png 300w, https:\/\/www.ecowater.com\/wp-content\/uploads\/2023\/12\/ecowater_home-1-1024x372.png 1024w, https:\/\/www.ecowater.com\/wp-content\/uploads\/2023\/12\/ecowater_home-1-768x279.png 768w\" sizes=\"auto, (max-width: 1186px) 100vw, 1186px\" \/>\t<\/div>\n\t<div class=\"container-lg\">\n\t\t<div class=\"row\">\n\t\t\t<div class=\"col-md-6\">\n\t\t\t\t<div class=\"copy\" data-aos=\"fade-in\">\n\t\t\t\t\t<h2>Carri\u00e8res dans le traitement de l\u2019eau domestique<\/h2>\n<p>Si vous \u00eates passionn\u00e9 par le service client et les produits au premier plan du march\u00e9, EcoWater souhaite entrer en contact avec vous. Participez \u00e0 tracer le chemin vers notre avenir, o\u00f9 vous aurez la possibilit\u00e9 de vous \u00e9panouir et de progresser sur le plan professionnel. <\/p>\n\t\t\t\t<\/div>\n\t\t\t\t<a class=\"mt-4 btn btn-secondary\" data-aos=\"fade-in\" href=\"https:\/\/marmon.wd5.myworkdayjobs.com\/fr-CA\/Marmon_Careers?q=ecowater+systems+LLC\" target=\"_blank\">Voir les postes disponibles<\/a>\t\t\t<\/div>\n\t\t<\/div>\n\t<\/div>\n<\/section>\n","protected":false},"excerpt":{"rendered":"","protected":false},"author":1,"featured_media":0,"parent":1124,"menu_order":0,"comment_status":"closed","ping_status":"closed","template":"","meta":{"_acf_changed":false,"content-type":"","footnotes":""},"class_list":["post-1125","page","type-page","status-publish","hentry"],"acf":[],"yoast_head":"<!-- This site is optimized with the Yoast SEO plugin v27.0 - https:\/\/yoast.com\/product\/yoast-seo-wordpress\/ -->\n<title>\u00c0 propos | EcoWater<\/title>\n<meta name=\"description\" content=\"EcoWater rend l\u2019eau des foyers plus douce, plus propre et plus s\u00fbre depuis 1925. En tant qu\u2019entreprise du Marmon Group, nous disposons de plus de 250 revendeurs agr\u00e9\u00e9s \u00e0 travers le monde, pr\u00eats \u00e0 intervenir.\" \/>\n<meta name=\"robots\" content=\"index, follow, max-snippet:-1, max-image-preview:large, max-video-preview:-1\" \/>\n<link rel=\"canonical\" href=\"https:\/\/www.ecowater.com\/fr\/about-fr\/about-ecowater\/\" \/>\n<meta property=\"og:locale\" content=\"fr_FR\" \/>\n<meta property=\"og:type\" content=\"article\" \/>\n<meta property=\"og:title\" content=\"\u00c0 propos | EcoWater\" \/>\n<meta property=\"og:description\" content=\"EcoWater rend l\u2019eau des foyers plus douce, plus propre et plus s\u00fbre depuis 1925. En tant qu\u2019entreprise du Marmon Group, nous disposons de plus de 250 revendeurs agr\u00e9\u00e9s \u00e0 travers le monde, pr\u00eats \u00e0 intervenir.\" \/>\n<meta property=\"og:url\" content=\"https:\/\/www.ecowater.com\/fr\/about-fr\/about-ecowater\/\" \/>\n<meta property=\"og:site_name\" content=\"EcoWater\" \/>\n<meta property=\"article:modified_time\" content=\"2024-01-29T17:48:47+00:00\" \/>\n<meta name=\"twitter:card\" content=\"summary_large_image\" \/>\n<script type=\"application\/ld+json\" class=\"yoast-schema-graph\">{\"@context\":\"https:\/\/schema.org\",\"@graph\":[{\"@type\":\"WebPage\",\"@id\":\"https:\/\/www.ecowater.com\/fr\/about-fr\/about-ecowater\/\",\"url\":\"https:\/\/www.ecowater.com\/fr\/about-fr\/about-ecowater\/\",\"name\":\"\u00c0 propos | EcoWater\",\"isPartOf\":{\"@id\":\"https:\/\/www.ecowater.com\/fr\/#website\"},\"datePublished\":\"2023-12-08T20:29:33+00:00\",\"dateModified\":\"2024-01-29T17:48:47+00:00\",\"description\":\"EcoWater rend l\u2019eau des foyers plus douce, plus propre et plus s\u00fbre depuis 1925. En tant qu\u2019entreprise du Marmon Group, nous disposons de plus de 250 revendeurs agr\u00e9\u00e9s \u00e0 travers le monde, pr\u00eats \u00e0 intervenir.\",\"breadcrumb\":{\"@id\":\"https:\/\/www.ecowater.com\/fr\/about-fr\/about-ecowater\/#breadcrumb\"},\"inLanguage\":\"fr-FR\",\"potentialAction\":[{\"@type\":\"ReadAction\",\"target\":[\"https:\/\/www.ecowater.com\/fr\/about-fr\/about-ecowater\/\"]}]},{\"@type\":\"BreadcrumbList\",\"@id\":\"https:\/\/www.ecowater.com\/fr\/about-fr\/about-ecowater\/#breadcrumb\",\"itemListElement\":[{\"@type\":\"ListItem\",\"position\":1,\"name\":\"Home\",\"item\":\"https:\/\/www.ecowater.com\/fr\/\"},{\"@type\":\"ListItem\",\"position\":2,\"name\":\"\u00c0 propos\",\"item\":\"https:\/\/www.ecowater.com\/fr\/about-fr\/\"},{\"@type\":\"ListItem\",\"position\":3,\"name\":\"\u00c0 propos des Syst\u00e8mes EcoWater\"}]},{\"@type\":\"WebSite\",\"@id\":\"https:\/\/www.ecowater.com\/fr\/#website\",\"url\":\"https:\/\/www.ecowater.com\/fr\/\",\"name\":\"EcoWater\",\"description\":\"\",\"publisher\":{\"@id\":\"https:\/\/www.ecowater.com\/fr\/#organization\"},\"potentialAction\":[{\"@type\":\"SearchAction\",\"target\":{\"@type\":\"EntryPoint\",\"urlTemplate\":\"https:\/\/www.ecowater.com\/fr\/?s={search_term_string}\"},\"query-input\":{\"@type\":\"PropertyValueSpecification\",\"valueRequired\":true,\"valueName\":\"search_term_string\"}}],\"inLanguage\":\"fr-FR\"},{\"@type\":\"Organization\",\"@id\":\"https:\/\/www.ecowater.com\/fr\/#organization\",\"name\":\"EcoWater\",\"url\":\"https:\/\/www.ecowater.com\/fr\/\",\"logo\":{\"@type\":\"ImageObject\",\"inLanguage\":\"fr-FR\",\"@id\":\"https:\/\/www.ecowater.com\/fr\/#\/schema\/logo\/image\/\",\"url\":\"https:\/\/www.ecowater.com\/wp-content\/uploads\/2023\/10\/EcoWater-Logo.svg\",\"contentUrl\":\"https:\/\/www.ecowater.com\/wp-content\/uploads\/2023\/10\/EcoWater-Logo.svg\",\"caption\":\"EcoWater\"},\"image\":{\"@id\":\"https:\/\/www.ecowater.com\/fr\/#\/schema\/logo\/image\/\"}}]}<\/script>\n<!-- \/ Yoast SEO plugin. -->","yoast_head_json":{"title":"\u00c0 propos | EcoWater","description":"EcoWater rend l\u2019eau des foyers plus douce, plus propre et plus s\u00fbre depuis 1925. En tant qu\u2019entreprise du Marmon Group, nous disposons de plus de 250 revendeurs agr\u00e9\u00e9s \u00e0 travers le monde, pr\u00eats \u00e0 intervenir.","robots":{"index":"index","follow":"follow","max-snippet":"max-snippet:-1","max-image-preview":"max-image-preview:large","max-video-preview":"max-video-preview:-1"},"canonical":"https:\/\/www.ecowater.com\/fr\/about-fr\/about-ecowater\/","og_locale":"fr_FR","og_type":"article","og_title":"\u00c0 propos | EcoWater","og_description":"EcoWater rend l\u2019eau des foyers plus douce, plus propre et plus s\u00fbre depuis 1925. En tant qu\u2019entreprise du Marmon Group, nous disposons de plus de 250 revendeurs agr\u00e9\u00e9s \u00e0 travers le monde, pr\u00eats \u00e0 intervenir.","og_url":"https:\/\/www.ecowater.com\/fr\/about-fr\/about-ecowater\/","og_site_name":"EcoWater","article_modified_time":"2024-01-29T17:48:47+00:00","twitter_card":"summary_large_image","schema":{"@context":"https:\/\/schema.org","@graph":[{"@type":"WebPage","@id":"https:\/\/www.ecowater.com\/fr\/about-fr\/about-ecowater\/","url":"https:\/\/www.ecowater.com\/fr\/about-fr\/about-ecowater\/","name":"\u00c0 propos | EcoWater","isPartOf":{"@id":"https:\/\/www.ecowater.com\/fr\/#website"},"datePublished":"2023-12-08T20:29:33+00:00","dateModified":"2024-01-29T17:48:47+00:00","description":"EcoWater rend l\u2019eau des foyers plus douce, plus propre et plus s\u00fbre depuis 1925. En tant qu\u2019entreprise du Marmon Group, nous disposons de plus de 250 revendeurs agr\u00e9\u00e9s \u00e0 travers le monde, pr\u00eats \u00e0 intervenir.","breadcrumb":{"@id":"https:\/\/www.ecowater.com\/fr\/about-fr\/about-ecowater\/#breadcrumb"},"inLanguage":"fr-FR","potentialAction":[{"@type":"ReadAction","target":["https:\/\/www.ecowater.com\/fr\/about-fr\/about-ecowater\/"]}]},{"@type":"BreadcrumbList","@id":"https:\/\/www.ecowater.com\/fr\/about-fr\/about-ecowater\/#breadcrumb","itemListElement":[{"@type":"ListItem","position":1,"name":"Home","item":"https:\/\/www.ecowater.com\/fr\/"},{"@type":"ListItem","position":2,"name":"\u00c0 propos","item":"https:\/\/www.ecowater.com\/fr\/about-fr\/"},{"@type":"ListItem","position":3,"name":"\u00c0 propos des Syst\u00e8mes EcoWater"}]},{"@type":"WebSite","@id":"https:\/\/www.ecowater.com\/fr\/#website","url":"https:\/\/www.ecowater.com\/fr\/","name":"EcoWater","description":"","publisher":{"@id":"https:\/\/www.ecowater.com\/fr\/#organization"},"potentialAction":[{"@type":"SearchAction","target":{"@type":"EntryPoint","urlTemplate":"https:\/\/www.ecowater.com\/fr\/?s={search_term_string}"},"query-input":{"@type":"PropertyValueSpecification","valueRequired":true,"valueName":"search_term_string"}}],"inLanguage":"fr-FR"},{"@type":"Organization","@id":"https:\/\/www.ecowater.com\/fr\/#organization","name":"EcoWater","url":"https:\/\/www.ecowater.com\/fr\/","logo":{"@type":"ImageObject","inLanguage":"fr-FR","@id":"https:\/\/www.ecowater.com\/fr\/#\/schema\/logo\/image\/","url":"https:\/\/www.ecowater.com\/wp-content\/uploads\/2023\/10\/EcoWater-Logo.svg","contentUrl":"https:\/\/www.ecowater.com\/wp-content\/uploads\/2023\/10\/EcoWater-Logo.svg","caption":"EcoWater"},"image":{"@id":"https:\/\/www.ecowater.com\/fr\/#\/schema\/logo\/image\/"}}]}},"_links":{"self":[{"href":"https:\/\/www.ecowater.com\/fr\/wp-json\/wp\/v2\/pages\/1125","targetHints":{"allow":["GET"]}}],"collection":[{"href":"https:\/\/www.ecowater.com\/fr\/wp-json\/wp\/v2\/pages"}],"about":[{"href":"https:\/\/www.ecowater.com\/fr\/wp-json\/wp\/v2\/types\/page"}],"author":[{"embeddable":true,"href":"https:\/\/www.ecowater.com\/fr\/wp-json\/wp\/v2\/users\/1"}],"replies":[{"embeddable":true,"href":"https:\/\/www.ecowater.com\/fr\/wp-json\/wp\/v2\/comments?post=1125"}],"version-history":[{"count":25,"href":"https:\/\/www.ecowater.com\/fr\/wp-json\/wp\/v2\/pages\/1125\/revisions"}],"predecessor-version":[{"id":4950,"href":"https:\/\/www.ecowater.com\/fr\/wp-json\/wp\/v2\/pages\/1125\/revisions\/4950"}],"up":[{"embeddable":true,"href":"https:\/\/www.ecowater.com\/fr\/wp-json\/wp\/v2\/pages\/1124"}],"wp:attachment":[{"href":"https:\/\/www.ecowater.com\/fr\/wp-json\/wp\/v2\/media?parent=1125"}],"curies":[{"name":"wp","href":"https:\/\/api.w.org\/{rel}","templated":true}]}}