{"id":1127,"date":"2023-12-08T21:26:47","date_gmt":"2023-12-08T21:26:47","guid":{"rendered":"https:\/\/www.ecowater.com\/about-fr\/corporate-responsibility\/"},"modified":"2024-04-26T19:49:49","modified_gmt":"2024-04-26T19:49:49","slug":"corporate-responsibility","status":"publish","type":"page","link":"https:\/\/www.ecowater.com\/fr\/about-fr\/corporate-responsibility\/","title":{"rendered":"Responsabilit\u00e9 d\u2019entreprise"},"content":{"rendered":"\n<section class=\"text-banner\">\n\t\t\t\t<div class=\"container-lg\">\n\t\t\t<div class=\"row\">\n\t\t\t\t<div class=\"col-12\" data-aos=\"fade-in\">\n\t\t\t\t\t<div class=\"banner-content text-center z-index-up position-relative\">\n\t\t\t\t\t\t<h1>\u00c0 propos d\u2019EcoWater\u00a0: Responsabilit\u00e9 d\u2019entreprise<\/h1>\n\t\t\t\t\t<\/div>\n\t\t\t\t<\/div>\n\t\t\t<\/div>\n\t\t<\/div>\n\t<\/section>\n\n\n\n<section class=\"plain-text\">\n\t\t<div class=\"container-lg\">\n\t\t<div class=\"row\">\n\t\t\t<div class=\"col-12\" data-aos=\"fade-in\">\n\t\t\t\t<h2>Des syst\u00e8mes d\u2019eau durables pour l\u2019avenir \u2014 offerts d\u00e8s aujourd\u2019hui<\/h2>\n<p>Ecowater se d\u00e9marque par son engagement envers un traitement de l\u2019eau responsable \u2014 allant de la conception et la fabrication jusqu\u2019\u00e0 l\u2019\u00e9laboration d\u2019adoucisseurs d\u2019eau parmi les plus performants sur le march\u00e9 actuel, incarnant pleinement la dimension \u00ab \u00c9co \u00bb de son nom.<\/p>\n\t\t\t<\/div>\n\t\t<\/div>\n\t<\/div>\n<\/section>\n\n\n\n<section class=\"alternating-content\">\n\t\t<div class=\"container-lg\">\n\t\t<div class=\"row\">\n\t\t\t<div class=\"col-md-8 mb-lg-0 mb-4 d-flex align-items-center\"\n\t\t\t\t data-aos=\"fade-in\">\n\t\t\t\t<div class=\"alt-content-wrap\">\n\t\t\t\t\t<h2>Con\u00e7u pour \u00eatre efficace et \u00e9cologique<\/h2>\n<ul>\n<li><strong>Utilisation d\u2019eau<\/strong> : L\u2019eau utilis\u00e9e dans les analyses de nos adoucisseurs d\u2019eau est r\u00e9cup\u00e9r\u00e9e et r\u00e9utilis\u00e9e pour d\u2019autres analyses, r\u00e9duisant de moiti\u00e9 la consommation d\u2019eau de notre site de production.<\/li>\n<li><strong>Recyclage responsable<\/strong> : Nous recyclons et r\u00e9utilisons environ 99 % de notre plastique dans nos processus de fabrication, tout en recyclant syst\u00e9matiquement l\u2019ensemble de nos palettes, documents, cartons et bien plus encore.<\/li>\n<li><strong>Conservation des ressources<\/strong> : Nos syst\u00e8mes de traitement de l\u2019eau \u2013 adoucisseurs, conditionneurs et raffineurs \u2013 se r\u00e9g\u00e9n\u00e8rent de mani\u00e8re optimis\u00e9e, en fonction des besoins r\u00e9els, permettant d\u2019\u00e9conomiser jusqu\u2019\u00e0 50 % d\u2019eau et de sel comparativement aux mod\u00e8les \u00e0 minuterie.<\/li>\n<li><strong>Technologie verte<\/strong> : Notre gamme de conditionneurs et raffineurs d\u2019eau int\u00e8gre la technologie HydroLink\u00ae, qui vous permet de suivre la consommation d\u2019eau de votre foyer, contribuant ainsi \u00e0 une prise de conscience accrue sur l\u2019utilisation de l\u2019eau.<\/li>\n<li><strong>Effet d\u2019entra\u00eenement<\/strong> : Les adoucisseurs d\u2019eau EcoWater am\u00e9liorent l\u2019efficacit\u00e9 d\u2019autres appareils utilisant de l\u2019eau, tels que votre chauffe-eau, machine \u00e0 laver et lave-vaisselle, en \u00e9liminant l\u2019accumulation de calcaire. Les syst\u00e8mes de purification d\u2019eau par osmose inverse \u00e9liminent le besoin d\u2019eau en bouteille, r\u00e9duisant les d\u00e9chets plastiques.<\/li>\n<\/ul>\n\t\t\t\t\t<div class=\"d-flex flex-column flex-sm-row align-items-start\">\n\t\t\t\t\t\t\t\t\t\t\t\t\t\t\t\t\t<\/div>\n\t\t\t\t\t\t\t\t\t<\/div>\n\t\t\t<\/div>\n\t\t\t<div class=\"col-md-4 text-center justify-content-center\"\n\t\t\t\t data-aos=\"fade-in\">\n\t\t\t\t<img loading=\"lazy\" decoding=\"async\" width=\"712\" height=\"472\" src=\"https:\/\/www.ecowater.com\/wp-content\/uploads\/2024\/01\/corporate_responsibility01.jpg\" class=\"rounded-half\" alt=\"An overview shot of a river within mountains\" srcset=\"https:\/\/www.ecowater.com\/wp-content\/uploads\/2024\/01\/corporate_responsibility01.jpg 712w, https:\/\/www.ecowater.com\/wp-content\/uploads\/2024\/01\/corporate_responsibility01-300x199.jpg 300w\" sizes=\"auto, (max-width: 712px) 100vw, 712px\" \/>\t\t\t<\/div>\n\t\t<\/div>\n\t<\/div>\n<\/section>\n\n\n\n<section class=\"alternating-content\">\n\t\t<div class=\"container-lg\">\n\t\t<div class=\"row flex-row-reverse\">\n\t\t\t<div class=\"col-md-8 mb-lg-0 mb-4 d-flex align-items-center\"\n\t\t\t\t data-aos=\"fade-in\">\n\t\t\t\t<div class=\"alt-content-wrap\">\n\t\t\t\t\t<h2>EcoWater s\u2019engage<\/h2>\n<p>Profond\u00e9ment impliqu\u00e9e dans les communaut\u00e9s qu\u2019elle sert, EcoWater est convaincue de l\u2019importance de la durabilit\u00e9, portant la conviction que tout un chacun m\u00e9rite un acc\u00e8s \u00e0 une eau propre et salubre. Consciente de ce besoin et anim\u00e9e par la volont\u00e9 de montrer l\u2019exemple, notre entreprise soutient financi\u00e8rement des organismes \u00e0 but non lucratif et met en \u0153uvre des projets d\u2019acc\u00e8s \u00e0 l\u2019eau potable, tout en s\u2019effor\u00e7ant d\u2019\u00eatre un citoyen d\u2019entreprise responsable.<\/p>\n\t\t\t\t\t<div class=\"d-flex flex-column flex-sm-row align-items-start\">\n\t\t\t\t\t\t\t\t\t\t\t\t\t\t\t\t\t<\/div>\n\t\t\t\t\t\t\t\t\t<\/div>\n\t\t\t<\/div>\n\t\t\t<div class=\"col-md-4 text-center justify-content-center\"\n\t\t\t\t data-aos=\"fade-in\">\n\t\t\t\t<img loading=\"lazy\" decoding=\"async\" width=\"712\" height=\"472\" src=\"https:\/\/www.ecowater.com\/wp-content\/uploads\/2024\/01\/corporate_responsibility02.jpg\" class=\"rounded-half\" alt=\"a buble with a globe sitting on moss. There are tiny bubbles around this with different icons in it.\" srcset=\"https:\/\/www.ecowater.com\/wp-content\/uploads\/2024\/01\/corporate_responsibility02.jpg 712w, https:\/\/www.ecowater.com\/wp-content\/uploads\/2024\/01\/corporate_responsibility02-300x199.jpg 300w\" sizes=\"auto, (max-width: 712px) 100vw, 712px\" \/>\t\t\t<\/div>\n\t\t<\/div>\n\t<\/div>\n<\/section>\n\n\n\n<section class=\"water-droplet-separator\">\n\t\t<div class=\"container-lg\">\n\t\t<div class=\"row\">\n\t\t\t<div class=\"col-12\">\n\t\t\t\t<div class=\"separator\">\n\t\t\t\t\t<img decoding=\"async\" src=\"https:\/\/www.ecowater.com\/wp-content\/themes\/ecowater\/assets\/images\/svg\/water-droplet.svg\" alt=\"\" aria-hidden=\"true\">\n\t\t\t\t\t<hr \/>\n\t\t\t\t<\/div>\n\t\t\t<\/div>\n\t\t<\/div>\n\t<\/div>\n<\/section>\n\n\n\n<section class=\"featured-resources\" >\n\t\t<div class=\"container-lg\">\n\t\t\t\t\t<div class=\"row mb-5\">\n\t\t\t\t<div class=\"col-12\">\n\t\t\t\t\t<h2>Explorez le traitement de l\u2019eau domestique<\/h2>\n\t\t\t\t<\/div>\n\t\t\t<\/div>\n\t\t\t\t<div class=\"row justify-content-center\"><div class=\"col-md-4 mb-4\" data-aos=\"fade-in\" data-aos-delay=\"50\"><div class=\"resource-card d-flex flex-column-reverse justify-content-end h-100\"><div class=\"copy p-4\"><h3>Pourquoi mon eau d\u00e9gage-t-elle une odeur? 6 odeurs courantes et leurs causes<\/h3><p>L\u2019eau malodorante est un probl\u00e8me qui peut survenir sans avertissement. L\u2019eau du robinet ayant une odeur naus\u00e9abonde peut nuire \u00e0 vos habitudes d\u2019hygi\u00e8ne personnelle, \u00e0 votre capacit\u00e9 \u00e0 accueillir des invit\u00e9s et m\u00eame \u00e0 vos habitudes d\u2019hydratation de base.\n<\/p><a class=\"read-more\" href=\"https:\/\/www.ecowater.com\/fr\/resource\/pourquoi-mon-eau-degage-t-elle-une-odeur\/\">En savoir plus<\/a><\/div><img loading=\"lazy\" decoding=\"async\" width=\"700\" height=\"467\" src=\"https:\/\/www.ecowater.com\/wp-content\/uploads\/2023\/12\/GettyImages-589439808-2.jpg\" class=\"attachment-post-thumbnail size-post-thumbnail wp-post-image\" alt=\"A woman filling a cup of water at the kitchen sink\" srcset=\"https:\/\/www.ecowater.com\/wp-content\/uploads\/2023\/12\/GettyImages-589439808-2.jpg 700w, https:\/\/www.ecowater.com\/wp-content\/uploads\/2023\/12\/GettyImages-589439808-2-300x200.jpg 300w\" sizes=\"auto, (max-width: 700px) 100vw, 700px\" \/><\/div><\/div><div class=\"col-md-4 mb-4\" data-aos=\"fade-in\" data-aos-delay=\"100\"><div class=\"resource-card d-flex flex-column-reverse justify-content-end h-100\"><div class=\"copy p-4\"><h3>Votre ami \u00e0 fourrure est-il en s\u00e9curit\u00e9? Impacts que les contaminants ont sur la sant\u00e9 de vos animaux de compagnie<\/h3><p>Donnez-vous \u00e0 votre animal de compagnie un bol d\u2019eau fra\u00eeche provenant directement du robinet? Ce bol d\u2019eau pourrait ne pas \u00eatre aussi sain que vous le pensez. Si vous \u00e9vitez de boire l\u2019eau de votre robinet, il en va de m\u00eame pour vos animaux de compagnie.<\/p><a class=\"read-more\" href=\"https:\/\/www.ecowater.com\/fr\/resource\/sante-des-animaux-domestiques\/\">En savoir plus<\/a><\/div><img loading=\"lazy\" decoding=\"async\" width=\"600\" height=\"400\" src=\"https:\/\/www.ecowater.com\/wp-content\/uploads\/2023\/11\/dog-drinking-water.jpg\" class=\"attachment-post-thumbnail size-post-thumbnail wp-post-image\" alt=\"A pug drinking water from a kitchen sink\" srcset=\"https:\/\/www.ecowater.com\/wp-content\/uploads\/2023\/11\/dog-drinking-water.jpg 600w, https:\/\/www.ecowater.com\/wp-content\/uploads\/2023\/11\/dog-drinking-water-300x200.jpg 300w\" sizes=\"auto, (max-width: 600px) 100vw, 600px\" \/><\/div><\/div><div class=\"col-md-4 mb-4\" data-aos=\"fade-in\" data-aos-delay=\"150\"><div class=\"resource-card d-flex flex-column-reverse justify-content-end h-100\"><div class=\"copy p-4\"><h3>Les effets de l\u2019eau dure sur votre peau<\/h3><p>L\u2019eau dure est connue pour laisser des traces min\u00e9rales. Des robinets incrust\u00e9s aux anneaux de tartre autour des cuvettes de toilettes, les r\u00e9sidus de l\u2019eau dure restent bien apr\u00e8s que l\u2019eau se soit \u00e9coul\u00e9e.<\/p><a class=\"read-more\" href=\"https:\/\/www.ecowater.com\/fr\/resource\/les-effets-de-leau-dure-sur-votre-peau\/\">En savoir plus<\/a><\/div><img loading=\"lazy\" decoding=\"async\" width=\"800\" height=\"533\" src=\"https:\/\/www.ecowater.com\/wp-content\/uploads\/2023\/12\/GettyImages-1157440185.jpg\" class=\"attachment-post-thumbnail size-post-thumbnail wp-post-image\" alt=\"woman in the shower washing her hair\" srcset=\"https:\/\/www.ecowater.com\/wp-content\/uploads\/2023\/12\/GettyImages-1157440185.jpg 800w, https:\/\/www.ecowater.com\/wp-content\/uploads\/2023\/12\/GettyImages-1157440185-300x200.jpg 300w, https:\/\/www.ecowater.com\/wp-content\/uploads\/2023\/12\/GettyImages-1157440185-768x512.jpg 768w\" sizes=\"auto, (max-width: 800px) 100vw, 800px\" \/><\/div><\/div><\/div>\t<\/div>\n<\/section>\n\n\n\n<section class=\"water-video-separator mb-0\">\n\t\t<div  data-aos=\"fade-in\"><video class=\"d-block w-100 lazy\" src=\"https:\/\/www.ecowater.com\/wp-content\/uploads\/2023\/12\/GettyImages-1041108162_4.mp4 \" loop autoplay playsinline muted><source data-src=\"https:\/\/www.ecowater.com\/wp-content\/uploads\/2023\/12\/GettyImages-1041108162_4.mp4\" type=\"video\/mp4\"><\/video><\/div><\/section>\n","protected":false},"excerpt":{"rendered":"","protected":false},"author":1,"featured_media":0,"parent":1124,"menu_order":0,"comment_status":"closed","ping_status":"closed","template":"","meta":{"_acf_changed":false,"content-type":"","footnotes":""},"class_list":["post-1127","page","type-page","status-publish","hentry"],"acf":[],"yoast_head":"<!-- This site is optimized with the Yoast SEO plugin v27.0 - https:\/\/yoast.com\/product\/yoast-seo-wordpress\/ -->\n<title>Corporate Responsibility: Eco Friendly Water Systems | EcoWater<\/title>\n<meta name=\"description\" content=\"Learn how EcoWater has refined its design and manufacturing processes to demonstrate its commitment to corporate responsibility and sustainability.\" \/>\n<meta name=\"robots\" content=\"index, follow, max-snippet:-1, max-image-preview:large, max-video-preview:-1\" \/>\n<link rel=\"canonical\" href=\"https:\/\/www.ecowater.com\/fr\/about-fr\/corporate-responsibility\/\" \/>\n<meta property=\"og:locale\" content=\"fr_FR\" \/>\n<meta property=\"og:type\" content=\"article\" \/>\n<meta property=\"og:title\" content=\"Corporate Responsibility: Eco Friendly Water Systems | EcoWater\" \/>\n<meta property=\"og:description\" content=\"Learn how EcoWater has refined its design and manufacturing processes to demonstrate its commitment to corporate responsibility and sustainability.\" \/>\n<meta property=\"og:url\" content=\"https:\/\/www.ecowater.com\/fr\/about-fr\/corporate-responsibility\/\" \/>\n<meta property=\"og:site_name\" content=\"EcoWater\" \/>\n<meta property=\"article:modified_time\" content=\"2024-04-26T19:49:49+00:00\" \/>\n<meta name=\"twitter:card\" content=\"summary_large_image\" \/>\n<script type=\"application\/ld+json\" class=\"yoast-schema-graph\">{\"@context\":\"https:\/\/schema.org\",\"@graph\":[{\"@type\":\"WebPage\",\"@id\":\"https:\/\/www.ecowater.com\/fr\/about-fr\/corporate-responsibility\/\",\"url\":\"https:\/\/www.ecowater.com\/fr\/about-fr\/corporate-responsibility\/\",\"name\":\"Corporate Responsibility: Eco Friendly Water Systems | EcoWater\",\"isPartOf\":{\"@id\":\"https:\/\/www.ecowater.com\/fr\/#website\"},\"datePublished\":\"2023-12-08T21:26:47+00:00\",\"dateModified\":\"2024-04-26T19:49:49+00:00\",\"description\":\"Learn how EcoWater has refined its design and manufacturing processes to demonstrate its commitment to corporate responsibility and sustainability.\",\"breadcrumb\":{\"@id\":\"https:\/\/www.ecowater.com\/fr\/about-fr\/corporate-responsibility\/#breadcrumb\"},\"inLanguage\":\"fr-FR\",\"potentialAction\":[{\"@type\":\"ReadAction\",\"target\":[\"https:\/\/www.ecowater.com\/fr\/about-fr\/corporate-responsibility\/\"]}]},{\"@type\":\"BreadcrumbList\",\"@id\":\"https:\/\/www.ecowater.com\/fr\/about-fr\/corporate-responsibility\/#breadcrumb\",\"itemListElement\":[{\"@type\":\"ListItem\",\"position\":1,\"name\":\"Home\",\"item\":\"https:\/\/www.ecowater.com\/fr\/\"},{\"@type\":\"ListItem\",\"position\":2,\"name\":\"\u00c0 propos\",\"item\":\"https:\/\/www.ecowater.com\/fr\/about-fr\/\"},{\"@type\":\"ListItem\",\"position\":3,\"name\":\"Responsabilit\u00e9 d\u2019entreprise\"}]},{\"@type\":\"WebSite\",\"@id\":\"https:\/\/www.ecowater.com\/fr\/#website\",\"url\":\"https:\/\/www.ecowater.com\/fr\/\",\"name\":\"EcoWater\",\"description\":\"\",\"publisher\":{\"@id\":\"https:\/\/www.ecowater.com\/fr\/#organization\"},\"potentialAction\":[{\"@type\":\"SearchAction\",\"target\":{\"@type\":\"EntryPoint\",\"urlTemplate\":\"https:\/\/www.ecowater.com\/fr\/?s={search_term_string}\"},\"query-input\":{\"@type\":\"PropertyValueSpecification\",\"valueRequired\":true,\"valueName\":\"search_term_string\"}}],\"inLanguage\":\"fr-FR\"},{\"@type\":\"Organization\",\"@id\":\"https:\/\/www.ecowater.com\/fr\/#organization\",\"name\":\"EcoWater\",\"url\":\"https:\/\/www.ecowater.com\/fr\/\",\"logo\":{\"@type\":\"ImageObject\",\"inLanguage\":\"fr-FR\",\"@id\":\"https:\/\/www.ecowater.com\/fr\/#\/schema\/logo\/image\/\",\"url\":\"https:\/\/www.ecowater.com\/wp-content\/uploads\/2023\/10\/EcoWater-Logo.svg\",\"contentUrl\":\"https:\/\/www.ecowater.com\/wp-content\/uploads\/2023\/10\/EcoWater-Logo.svg\",\"caption\":\"EcoWater\"},\"image\":{\"@id\":\"https:\/\/www.ecowater.com\/fr\/#\/schema\/logo\/image\/\"}}]}<\/script>\n<!-- \/ Yoast SEO plugin. -->","yoast_head_json":{"title":"Corporate Responsibility: Eco Friendly Water Systems | EcoWater","description":"Learn how EcoWater has refined its design and manufacturing processes to demonstrate its commitment to corporate responsibility and sustainability.","robots":{"index":"index","follow":"follow","max-snippet":"max-snippet:-1","max-image-preview":"max-image-preview:large","max-video-preview":"max-video-preview:-1"},"canonical":"https:\/\/www.ecowater.com\/fr\/about-fr\/corporate-responsibility\/","og_locale":"fr_FR","og_type":"article","og_title":"Corporate Responsibility: Eco Friendly Water Systems | EcoWater","og_description":"Learn how EcoWater has refined its design and manufacturing processes to demonstrate its commitment to corporate responsibility and sustainability.","og_url":"https:\/\/www.ecowater.com\/fr\/about-fr\/corporate-responsibility\/","og_site_name":"EcoWater","article_modified_time":"2024-04-26T19:49:49+00:00","twitter_card":"summary_large_image","schema":{"@context":"https:\/\/schema.org","@graph":[{"@type":"WebPage","@id":"https:\/\/www.ecowater.com\/fr\/about-fr\/corporate-responsibility\/","url":"https:\/\/www.ecowater.com\/fr\/about-fr\/corporate-responsibility\/","name":"Corporate Responsibility: Eco Friendly Water Systems | EcoWater","isPartOf":{"@id":"https:\/\/www.ecowater.com\/fr\/#website"},"datePublished":"2023-12-08T21:26:47+00:00","dateModified":"2024-04-26T19:49:49+00:00","description":"Learn how EcoWater has refined its design and manufacturing processes to demonstrate its commitment to corporate responsibility and sustainability.","breadcrumb":{"@id":"https:\/\/www.ecowater.com\/fr\/about-fr\/corporate-responsibility\/#breadcrumb"},"inLanguage":"fr-FR","potentialAction":[{"@type":"ReadAction","target":["https:\/\/www.ecowater.com\/fr\/about-fr\/corporate-responsibility\/"]}]},{"@type":"BreadcrumbList","@id":"https:\/\/www.ecowater.com\/fr\/about-fr\/corporate-responsibility\/#breadcrumb","itemListElement":[{"@type":"ListItem","position":1,"name":"Home","item":"https:\/\/www.ecowater.com\/fr\/"},{"@type":"ListItem","position":2,"name":"\u00c0 propos","item":"https:\/\/www.ecowater.com\/fr\/about-fr\/"},{"@type":"ListItem","position":3,"name":"Responsabilit\u00e9 d\u2019entreprise"}]},{"@type":"WebSite","@id":"https:\/\/www.ecowater.com\/fr\/#website","url":"https:\/\/www.ecowater.com\/fr\/","name":"EcoWater","description":"","publisher":{"@id":"https:\/\/www.ecowater.com\/fr\/#organization"},"potentialAction":[{"@type":"SearchAction","target":{"@type":"EntryPoint","urlTemplate":"https:\/\/www.ecowater.com\/fr\/?s={search_term_string}"},"query-input":{"@type":"PropertyValueSpecification","valueRequired":true,"valueName":"search_term_string"}}],"inLanguage":"fr-FR"},{"@type":"Organization","@id":"https:\/\/www.ecowater.com\/fr\/#organization","name":"EcoWater","url":"https:\/\/www.ecowater.com\/fr\/","logo":{"@type":"ImageObject","inLanguage":"fr-FR","@id":"https:\/\/www.ecowater.com\/fr\/#\/schema\/logo\/image\/","url":"https:\/\/www.ecowater.com\/wp-content\/uploads\/2023\/10\/EcoWater-Logo.svg","contentUrl":"https:\/\/www.ecowater.com\/wp-content\/uploads\/2023\/10\/EcoWater-Logo.svg","caption":"EcoWater"},"image":{"@id":"https:\/\/www.ecowater.com\/fr\/#\/schema\/logo\/image\/"}}]}},"_links":{"self":[{"href":"https:\/\/www.ecowater.com\/fr\/wp-json\/wp\/v2\/pages\/1127","targetHints":{"allow":["GET"]}}],"collection":[{"href":"https:\/\/www.ecowater.com\/fr\/wp-json\/wp\/v2\/pages"}],"about":[{"href":"https:\/\/www.ecowater.com\/fr\/wp-json\/wp\/v2\/types\/page"}],"author":[{"embeddable":true,"href":"https:\/\/www.ecowater.com\/fr\/wp-json\/wp\/v2\/users\/1"}],"replies":[{"embeddable":true,"href":"https:\/\/www.ecowater.com\/fr\/wp-json\/wp\/v2\/comments?post=1127"}],"version-history":[{"count":15,"href":"https:\/\/www.ecowater.com\/fr\/wp-json\/wp\/v2\/pages\/1127\/revisions"}],"predecessor-version":[{"id":6118,"href":"https:\/\/www.ecowater.com\/fr\/wp-json\/wp\/v2\/pages\/1127\/revisions\/6118"}],"up":[{"embeddable":true,"href":"https:\/\/www.ecowater.com\/fr\/wp-json\/wp\/v2\/pages\/1124"}],"wp:attachment":[{"href":"https:\/\/www.ecowater.com\/fr\/wp-json\/wp\/v2\/media?parent=1127"}],"curies":[{"name":"wp","href":"https:\/\/api.w.org\/{rel}","templated":true}]}}