{"id":1134,"date":"2023-11-27T20:38:12","date_gmt":"2023-11-27T20:38:12","guid":{"rendered":"https:\/\/www.ecowater.com\/careers-fr\/"},"modified":"2024-01-29T17:51:08","modified_gmt":"2024-01-29T17:51:08","slug":"careers-fr","status":"publish","type":"page","link":"https:\/\/www.ecowater.com\/fr\/careers-fr\/","title":{"rendered":"Carri\u00e8res"},"content":{"rendered":"\n<section class=\"inner-banner\">\n\t\t<img loading=\"lazy\" decoding=\"async\" width=\"1500\" height=\"483\" src=\"https:\/\/www.ecowater.com\/wp-content\/uploads\/2024\/01\/banner_careers1.jpg\" class=\"banner-bg-img w-100 h-100 position-absolute\" alt=\"A worker smiling at the camera in front of machines.\" data-aos=\"fade-in\" srcset=\"https:\/\/www.ecowater.com\/wp-content\/uploads\/2024\/01\/banner_careers1.jpg 1500w, https:\/\/www.ecowater.com\/wp-content\/uploads\/2024\/01\/banner_careers1-300x97.jpg 300w, https:\/\/www.ecowater.com\/wp-content\/uploads\/2024\/01\/banner_careers1-1024x330.jpg 1024w, https:\/\/www.ecowater.com\/wp-content\/uploads\/2024\/01\/banner_careers1-768x247.jpg 768w\" sizes=\"auto, (max-width: 1500px) 100vw, 1500px\" \/>\t\t\t<div class=\"container\">\n\t\t\t<div class=\"row\">\n\t\t\t\t<div class=\"col-12\">\n\t\t\t\t\t<div class=\"banner-content text-center z-index-up position-relative\" data-aos=\"fade-in\">\n\t\t\t\t\t\t<h1 class=\"pre-heading\">Syst\u00e8mes EcoWater<\/h1>\n<h2 class=\"h1\">Carri\u00e8res au sein d\u2019Ecowater<\/h2>\n\t\t\t\t\t<\/div>\n\t\t\t\t<\/div>\n\t\t\t<\/div>\n\t\t<\/div>\n\t<\/section>\n\n\n\n<section class=\"alternating-content\">\n\t\t<div class=\"container-lg\">\n\t\t<div class=\"row\">\n\t\t\t<div class=\"col-md-8 mb-lg-0 mb-4 d-flex align-items-center\"\n\t\t\t\t data-aos=\"fade-in\">\n\t\t\t\t<div class=\"alt-content-wrap\">\n\t\t\t\t\t<h2>Faites partie de la solution<\/h2>\n<p>EcoWater Systems offre un environnement de travail innovant o\u00f9 vous pouvez aider les clients \u00e0 obtenir les solutions de traitement de l\u2019eau de qualit\u00e9 dont ils ont besoin. Fond\u00e9e en 1925, notre entreprise est un chef de file mondial dans le domaine du traitement de l\u2019eau domestique et offre une vaste gamme d\u2019\u00e9quipements pour les secteurs commercial et industriel.<\/p>\n<p>Avec plus de 250 revendeurs autoris\u00e9s qui vendent nos syst\u00e8mes et en assurent l\u2019entretien, nous contribuons \u00e0 am\u00e9liorer le go\u00fbt et la qualit\u00e9 de l\u2019eau partout dans le monde.<\/p>\n<p>Rehaussez la qualit\u00e9 de la ressource la plus pr\u00e9cieuse de la vie!<\/p>\n\t\t\t\t\t<div class=\"d-flex flex-column flex-sm-row align-items-start\">\n\t\t\t\t\t\t\t\t\t\t\t\t\t<a class=\"btn btn-primary\" href=\"https:\/\/marmon.wd5.myworkdayjobs.com\/fr-CA\/Marmon_Careers?q=ecowater+systems+LLC\"\n\t\t\t\t\t\t\t   target=\"_self\">D\u00e9couvrez les perspectives d\u2019emploi actuelles<\/a>\n\t\t\t\t\t\t\t\t\t\t\t\t\t\t\t\t\t<\/div>\n\t\t\t\t\t\t\t\t\t<\/div>\n\t\t\t<\/div>\n\t\t\t<div class=\"col-md-4 text-center justify-content-center\"\n\t\t\t\t data-aos=\"fade-in\">\n\t\t\t\t<img loading=\"lazy\" decoding=\"async\" width=\"712\" height=\"472\" src=\"https:\/\/www.ecowater.com\/wp-content\/uploads\/2024\/01\/careers_inset01.jpg\" class=\"rounded-half\" alt=\"A woman with a lab coat and clear goggles looking at machinery.\" srcset=\"https:\/\/www.ecowater.com\/wp-content\/uploads\/2024\/01\/careers_inset01.jpg 712w, https:\/\/www.ecowater.com\/wp-content\/uploads\/2024\/01\/careers_inset01-300x199.jpg 300w\" sizes=\"auto, (max-width: 712px) 100vw, 712px\" \/>\t\t\t<\/div>\n\t\t<\/div>\n\t<\/div>\n<\/section>\n\n\n\n<section class=\"alternating-content\">\n\t\t<div class=\"container-lg\">\n\t\t<div class=\"row\">\n\t\t\t<div class=\"col-md-8 mb-lg-0 mb-4 d-flex align-items-center\"\n\t\t\t\t data-aos=\"fade-in\">\n\t\t\t\t<div class=\"alt-content-wrap\">\n\t\t\t\t\t<h2>Groupe Marmon, Berkshire Hathaway<\/h2>\n<p>EcoWater Systems fait partie du Groupe Marmon, une entreprise internationale regroupant plus de 180 organisations autonomes de fabrication et de services, et une filiale de la Berkshire Hathaway Company.<\/p>\n<p>EcoWater et les autres entreprises du Groupe Marmon partagent leur expertise, leurs connaissances et leurs ressources avec un objectif commun : la satisfaction du client.<\/p>\n\t\t\t\t\t<div class=\"d-flex flex-column flex-sm-row align-items-start\">\n\t\t\t\t\t\t\t\t\t\t\t\t\t\t\t\t\t<\/div>\n\t\t\t\t\t\t\t\t\t<\/div>\n\t\t\t<\/div>\n\t\t\t<div class=\"col-md-4 text-center justify-content-center\"\n\t\t\t\t data-aos=\"fade-in\">\n\t\t\t\t<img loading=\"lazy\" decoding=\"async\" width=\"431\" height=\"227\" src=\"https:\/\/www.ecowater.com\/wp-content\/uploads\/2023\/12\/Marmon_Weblogo_headshot_1539288333-1-1.png\" class=\"\" alt=\"Marmon - A Berkshire Hathaway Company logo\" srcset=\"https:\/\/www.ecowater.com\/wp-content\/uploads\/2023\/12\/Marmon_Weblogo_headshot_1539288333-1-1.png 431w, https:\/\/www.ecowater.com\/wp-content\/uploads\/2023\/12\/Marmon_Weblogo_headshot_1539288333-1-1-300x158.png 300w\" sizes=\"auto, (max-width: 431px) 100vw, 431px\" \/>\t\t\t<\/div>\n\t\t<\/div>\n\t<\/div>\n<\/section>\n\n\n\n<section class=\"icon-grid\">\n\t\t<div class=\"container-lg\">\n\t\t<div class=\"row\">\n\t\t\t\t\t\t\t\t\t\t\t\t\t\t\t\t\t\t\t\t\t\t\t\t<div class=\"grid-item col-lg-4 d-flex flex-column\" data-aos=\"fade-up\" data-aos-delay=\"100\">\n\t\t\t\t\t\t<img loading=\"lazy\" decoding=\"async\" width=\"75\" height=\"75\" src=\"https:\/\/www.ecowater.com\/wp-content\/uploads\/2023\/12\/icon-stability-1.svg\" class=\"mb-4\" alt=\"an icon representing stability\" \/><div class=\"copy me-0 me-md-5\"><h3>Stabilit\u00e9<\/h3>\n<p>Pr\u00e9sente depuis pr\u00e8s d\u2019un si\u00e8cle, EcoWater poursuit sa croissance et son essor. Notre infrastructure solide et notre appartenance au Marmon Group nous permettent d\u2019offrir des perspectives de carri\u00e8re stables et de nous investir dans le d\u00e9veloppement de nos \u00e9quipes et de nos produits.<\/p>\n<\/div>\t\t\t\t\t<\/div>\n\t\t\t\t\t\t\t\t\t\t\t\t\t\t<div class=\"grid-item col-lg-4 d-flex flex-column\" data-aos=\"fade-up\" data-aos-delay=\"150\">\n\t\t\t\t\t\t<img loading=\"lazy\" decoding=\"async\" width=\"75\" height=\"75\" src=\"https:\/\/www.ecowater.com\/wp-content\/uploads\/2023\/12\/icon-consistency-1.svg\" class=\"mb-4\" alt=\"An icon with three arrows within a circular motion\" \/><div class=\"copy me-0 me-md-5\"><h3>Occasions<\/h3>\n<p>En tant que chef de file mondial dans notre secteur, EcoWater propose un \u00e9ventail de possibilit\u00e9s professionnelles. Des postes pour d\u00e9butants aux r\u00f4les de leadership strat\u00e9gique, nous sommes constamment \u00e0 la recherche de nouveaux talents \u00e0 recruter et \u00e0 former, privil\u00e9giant souvent la promotion interne.<\/p>\n<\/div>\t\t\t\t\t<\/div>\n\t\t\t\t\t\t\t\t\t\t\t\t\t\t<div class=\"grid-item col-lg-4 d-flex flex-column\" data-aos=\"fade-up\" data-aos-delay=\"200\">\n\t\t\t\t\t\t<img loading=\"lazy\" decoding=\"async\" width=\"75\" height=\"76\" src=\"https:\/\/www.ecowater.com\/wp-content\/uploads\/2023\/12\/icon-path-1.svg\" class=\"mb-4\" alt=\"an icon with who location icons with a line inbetween\" \/><div class=\"copy me-0 me-md-5\"><h3>Engagement<\/h3>\n<p>Le Marmon Group compte plus de 28 000 collaborateurs diss\u00e9min\u00e9s \u00e0 travers le monde. Nous accordons une grande importance \u00e0 chacun de nos employ\u00e9s en leur offrant respect, confiance et des occasions d\u2019emploi enrichissantes, accompagn\u00e9es de formations et des outils n\u00e9cessaires pour r\u00e9ussir.<\/p>\n<\/div>\t\t\t\t\t<\/div>\n\t\t\t\t\t\t\t\t\t<\/div>\n\t<\/div>\n<\/section>\n\n\n\n<section class=\"water-droplet-separator\">\n\t\t<div class=\"container-lg\">\n\t\t<div class=\"row\">\n\t\t\t<div class=\"col-12\">\n\t\t\t\t<div class=\"separator\">\n\t\t\t\t\t<img decoding=\"async\" src=\"https:\/\/www.ecowater.com\/wp-content\/themes\/ecowater\/assets\/images\/svg\/water-droplet.svg\" alt=\"\" aria-hidden=\"true\">\n\t\t\t\t\t<hr \/>\n\t\t\t\t<\/div>\n\t\t\t<\/div>\n\t\t<\/div>\n\t<\/div>\n<\/section>\n\n\n\n<section class=\"alternating-content\">\n\t\t<div class=\"container-lg\">\n\t\t<div class=\"row\">\n\t\t\t<div class=\"col-md-8 mb-lg-0 mb-4 d-flex align-items-center\"\n\t\t\t\t data-aos=\"fade-in\">\n\t\t\t\t<div class=\"alt-content-wrap\">\n\t\t\t\t\t<h2>Sites d\u2019EcoWater<\/h2>\n<p>De notre si\u00e8ge social au Minnesota \u00e0 notre usine de production au Mississippi, sans oublier les possibilit\u00e9s de travail \u00e0 distance, nous recherchons des talents issus de tous les horizons.<\/p>\n\t\t\t\t\t<div class=\"d-flex flex-column flex-sm-row align-items-start\">\n\t\t\t\t\t\t\t\t\t\t\t\t\t<a class=\"btn btn-primary\" href=\"https:\/\/marmon.wd5.myworkdayjobs.com\/fr-CA\/Marmon_Careers?q=ecowater+systems+LLC\"\n\t\t\t\t\t\t\t   target=\"_self\">Voir les opportunit\u00e9s actuelles<\/a>\n\t\t\t\t\t\t\t\t\t\t\t\t\t\t\t\t\t<\/div>\n\t\t\t\t\t\t\t\t\t<\/div>\n\t\t\t<\/div>\n\t\t\t<div class=\"col-md-4 text-center justify-content-center\"\n\t\t\t\t data-aos=\"fade-in\">\n\t\t\t\t<img loading=\"lazy\" decoding=\"async\" width=\"352\" height=\"228\" src=\"https:\/\/www.ecowater.com\/wp-content\/uploads\/2023\/12\/Group-2565.png\" class=\"rounded-half\" alt=\"A navy map of the united states with teal dots.\" srcset=\"https:\/\/www.ecowater.com\/wp-content\/uploads\/2023\/12\/Group-2565.png 352w, https:\/\/www.ecowater.com\/wp-content\/uploads\/2023\/12\/Group-2565-300x194.png 300w\" sizes=\"auto, (max-width: 352px) 100vw, 352px\" \/>\t\t\t<\/div>\n\t\t<\/div>\n\t<\/div>\n<\/section>\n\n\n\n<section class=\"water-video-separator mb-0\">\n\t\t<div  data-aos=\"fade-in\"><video class=\"d-block w-100 lazy\" src=\"https:\/\/www.ecowater.com\/wp-content\/uploads\/2023\/12\/GettyImages-1041108162_4.mp4 \" loop autoplay playsinline muted><source data-src=\"https:\/\/www.ecowater.com\/wp-content\/uploads\/2023\/12\/GettyImages-1041108162_4.mp4\" type=\"video\/mp4\"><\/video><\/div><\/section>\n","protected":false},"excerpt":{"rendered":"","protected":false},"author":1,"featured_media":0,"parent":0,"menu_order":0,"comment_status":"closed","ping_status":"closed","template":"","meta":{"_acf_changed":false,"content-type":"","footnotes":""},"class_list":["post-1134","page","type-page","status-publish","hentry"],"acf":[],"yoast_head":"<!-- This site is optimized with the Yoast SEO plugin v27.0 - https:\/\/yoast.com\/product\/yoast-seo-wordpress\/ -->\n<title>Carri\u00e8res | EcoWater<\/title>\n<meta name=\"description\" content=\"EcoWater offre un environnement de travail innovant o\u00f9 vous pouvez aider les clients \u00e0 profiter des solutions de traitement de l\u2019eau de qualit\u00e9 dont ils ont besoin. Consultez les postes \u00e0 pourvoir.\" \/>\n<meta name=\"robots\" content=\"index, follow, max-snippet:-1, max-image-preview:large, max-video-preview:-1\" \/>\n<link rel=\"canonical\" href=\"https:\/\/www.ecowater.com\/fr\/careers-fr\/\" \/>\n<meta property=\"og:locale\" content=\"fr_FR\" \/>\n<meta property=\"og:type\" content=\"article\" \/>\n<meta property=\"og:title\" content=\"Carri\u00e8res | EcoWater\" \/>\n<meta property=\"og:description\" content=\"EcoWater offre un environnement de travail innovant o\u00f9 vous pouvez aider les clients \u00e0 profiter des solutions de traitement de l\u2019eau de qualit\u00e9 dont ils ont besoin. Consultez les postes \u00e0 pourvoir.\" \/>\n<meta property=\"og:url\" content=\"https:\/\/www.ecowater.com\/fr\/careers-fr\/\" \/>\n<meta property=\"og:site_name\" content=\"EcoWater\" \/>\n<meta property=\"article:modified_time\" content=\"2024-01-29T17:51:08+00:00\" \/>\n<meta name=\"twitter:card\" content=\"summary_large_image\" \/>\n<script type=\"application\/ld+json\" class=\"yoast-schema-graph\">{\"@context\":\"https:\/\/schema.org\",\"@graph\":[{\"@type\":\"WebPage\",\"@id\":\"https:\/\/www.ecowater.com\/fr\/careers-fr\/\",\"url\":\"https:\/\/www.ecowater.com\/fr\/careers-fr\/\",\"name\":\"Carri\u00e8res | EcoWater\",\"isPartOf\":{\"@id\":\"https:\/\/www.ecowater.com\/fr\/#website\"},\"datePublished\":\"2023-11-27T20:38:12+00:00\",\"dateModified\":\"2024-01-29T17:51:08+00:00\",\"description\":\"EcoWater offre un environnement de travail innovant o\u00f9 vous pouvez aider les clients \u00e0 profiter des solutions de traitement de l\u2019eau de qualit\u00e9 dont ils ont besoin. Consultez les postes \u00e0 pourvoir.\",\"breadcrumb\":{\"@id\":\"https:\/\/www.ecowater.com\/fr\/careers-fr\/#breadcrumb\"},\"inLanguage\":\"fr-FR\",\"potentialAction\":[{\"@type\":\"ReadAction\",\"target\":[\"https:\/\/www.ecowater.com\/fr\/careers-fr\/\"]}]},{\"@type\":\"BreadcrumbList\",\"@id\":\"https:\/\/www.ecowater.com\/fr\/careers-fr\/#breadcrumb\",\"itemListElement\":[{\"@type\":\"ListItem\",\"position\":1,\"name\":\"Home\",\"item\":\"https:\/\/www.ecowater.com\/fr\/\"},{\"@type\":\"ListItem\",\"position\":2,\"name\":\"Carri\u00e8res\"}]},{\"@type\":\"WebSite\",\"@id\":\"https:\/\/www.ecowater.com\/fr\/#website\",\"url\":\"https:\/\/www.ecowater.com\/fr\/\",\"name\":\"EcoWater\",\"description\":\"\",\"publisher\":{\"@id\":\"https:\/\/www.ecowater.com\/fr\/#organization\"},\"potentialAction\":[{\"@type\":\"SearchAction\",\"target\":{\"@type\":\"EntryPoint\",\"urlTemplate\":\"https:\/\/www.ecowater.com\/fr\/?s={search_term_string}\"},\"query-input\":{\"@type\":\"PropertyValueSpecification\",\"valueRequired\":true,\"valueName\":\"search_term_string\"}}],\"inLanguage\":\"fr-FR\"},{\"@type\":\"Organization\",\"@id\":\"https:\/\/www.ecowater.com\/fr\/#organization\",\"name\":\"EcoWater\",\"url\":\"https:\/\/www.ecowater.com\/fr\/\",\"logo\":{\"@type\":\"ImageObject\",\"inLanguage\":\"fr-FR\",\"@id\":\"https:\/\/www.ecowater.com\/fr\/#\/schema\/logo\/image\/\",\"url\":\"https:\/\/www.ecowater.com\/wp-content\/uploads\/2023\/10\/EcoWater-Logo.svg\",\"contentUrl\":\"https:\/\/www.ecowater.com\/wp-content\/uploads\/2023\/10\/EcoWater-Logo.svg\",\"caption\":\"EcoWater\"},\"image\":{\"@id\":\"https:\/\/www.ecowater.com\/fr\/#\/schema\/logo\/image\/\"}}]}<\/script>\n<!-- \/ Yoast SEO plugin. -->","yoast_head_json":{"title":"Carri\u00e8res | EcoWater","description":"EcoWater offre un environnement de travail innovant o\u00f9 vous pouvez aider les clients \u00e0 profiter des solutions de traitement de l\u2019eau de qualit\u00e9 dont ils ont besoin. Consultez les postes \u00e0 pourvoir.","robots":{"index":"index","follow":"follow","max-snippet":"max-snippet:-1","max-image-preview":"max-image-preview:large","max-video-preview":"max-video-preview:-1"},"canonical":"https:\/\/www.ecowater.com\/fr\/careers-fr\/","og_locale":"fr_FR","og_type":"article","og_title":"Carri\u00e8res | EcoWater","og_description":"EcoWater offre un environnement de travail innovant o\u00f9 vous pouvez aider les clients \u00e0 profiter des solutions de traitement de l\u2019eau de qualit\u00e9 dont ils ont besoin. Consultez les postes \u00e0 pourvoir.","og_url":"https:\/\/www.ecowater.com\/fr\/careers-fr\/","og_site_name":"EcoWater","article_modified_time":"2024-01-29T17:51:08+00:00","twitter_card":"summary_large_image","schema":{"@context":"https:\/\/schema.org","@graph":[{"@type":"WebPage","@id":"https:\/\/www.ecowater.com\/fr\/careers-fr\/","url":"https:\/\/www.ecowater.com\/fr\/careers-fr\/","name":"Carri\u00e8res | EcoWater","isPartOf":{"@id":"https:\/\/www.ecowater.com\/fr\/#website"},"datePublished":"2023-11-27T20:38:12+00:00","dateModified":"2024-01-29T17:51:08+00:00","description":"EcoWater offre un environnement de travail innovant o\u00f9 vous pouvez aider les clients \u00e0 profiter des solutions de traitement de l\u2019eau de qualit\u00e9 dont ils ont besoin. Consultez les postes \u00e0 pourvoir.","breadcrumb":{"@id":"https:\/\/www.ecowater.com\/fr\/careers-fr\/#breadcrumb"},"inLanguage":"fr-FR","potentialAction":[{"@type":"ReadAction","target":["https:\/\/www.ecowater.com\/fr\/careers-fr\/"]}]},{"@type":"BreadcrumbList","@id":"https:\/\/www.ecowater.com\/fr\/careers-fr\/#breadcrumb","itemListElement":[{"@type":"ListItem","position":1,"name":"Home","item":"https:\/\/www.ecowater.com\/fr\/"},{"@type":"ListItem","position":2,"name":"Carri\u00e8res"}]},{"@type":"WebSite","@id":"https:\/\/www.ecowater.com\/fr\/#website","url":"https:\/\/www.ecowater.com\/fr\/","name":"EcoWater","description":"","publisher":{"@id":"https:\/\/www.ecowater.com\/fr\/#organization"},"potentialAction":[{"@type":"SearchAction","target":{"@type":"EntryPoint","urlTemplate":"https:\/\/www.ecowater.com\/fr\/?s={search_term_string}"},"query-input":{"@type":"PropertyValueSpecification","valueRequired":true,"valueName":"search_term_string"}}],"inLanguage":"fr-FR"},{"@type":"Organization","@id":"https:\/\/www.ecowater.com\/fr\/#organization","name":"EcoWater","url":"https:\/\/www.ecowater.com\/fr\/","logo":{"@type":"ImageObject","inLanguage":"fr-FR","@id":"https:\/\/www.ecowater.com\/fr\/#\/schema\/logo\/image\/","url":"https:\/\/www.ecowater.com\/wp-content\/uploads\/2023\/10\/EcoWater-Logo.svg","contentUrl":"https:\/\/www.ecowater.com\/wp-content\/uploads\/2023\/10\/EcoWater-Logo.svg","caption":"EcoWater"},"image":{"@id":"https:\/\/www.ecowater.com\/fr\/#\/schema\/logo\/image\/"}}]}},"_links":{"self":[{"href":"https:\/\/www.ecowater.com\/fr\/wp-json\/wp\/v2\/pages\/1134","targetHints":{"allow":["GET"]}}],"collection":[{"href":"https:\/\/www.ecowater.com\/fr\/wp-json\/wp\/v2\/pages"}],"about":[{"href":"https:\/\/www.ecowater.com\/fr\/wp-json\/wp\/v2\/types\/page"}],"author":[{"embeddable":true,"href":"https:\/\/www.ecowater.com\/fr\/wp-json\/wp\/v2\/users\/1"}],"replies":[{"embeddable":true,"href":"https:\/\/www.ecowater.com\/fr\/wp-json\/wp\/v2\/comments?post=1134"}],"version-history":[{"count":20,"href":"https:\/\/www.ecowater.com\/fr\/wp-json\/wp\/v2\/pages\/1134\/revisions"}],"predecessor-version":[{"id":4954,"href":"https:\/\/www.ecowater.com\/fr\/wp-json\/wp\/v2\/pages\/1134\/revisions\/4954"}],"wp:attachment":[{"href":"https:\/\/www.ecowater.com\/fr\/wp-json\/wp\/v2\/media?parent=1134"}],"curies":[{"name":"wp","href":"https:\/\/api.w.org\/{rel}","templated":true}]}}