{"id":86,"date":"2023-10-10T17:08:57","date_gmt":"2023-10-10T17:08:57","guid":{"rendered":"https:\/\/www.ecowater.com\/devenir-revendeur\/"},"modified":"2024-01-30T21:44:00","modified_gmt":"2024-01-30T21:44:00","slug":"devenir-revendeur","status":"publish","type":"page","link":"https:\/\/www.ecowater.com\/fr\/devenir-revendeur\/","title":{"rendered":"Devenir revendeur"},"content":{"rendered":"\n<section class=\"text-banner\">\n\t\t\t\t<div class=\"container-lg\">\n\t\t\t<div class=\"row\">\n\t\t\t\t<div class=\"col-12\" data-aos=\"fade-in\">\n\t\t\t\t\t<div class=\"banner-content text-center z-index-up position-relative\">\n\t\t\t\t\t\t<h1>Devenir un revendeur<\/h1>\n\t\t\t\t\t<\/div>\n\t\t\t\t<\/div>\n\t\t\t<\/div>\n\t\t<\/div>\n\t<\/section>\n\n\n\n<section class=\"alternating-content\">\n\t\t<div class=\"container-lg\">\n\t\t<div class=\"row\">\n\t\t\t<div class=\"col-md-8 mb-lg-0 mb-4 d-flex align-items-center\"\n\t\t\t\t data-aos=\"fade-in\">\n\t\t\t\t<div class=\"alt-content-wrap\">\n\t\t\t\t\t<h2>Vos clients attendent le meilleur. Vous aussi.<\/h2>\n<p>Soutenus par la meilleure R&amp;D de l\u2019industrie, des garanties, des certifications, un soutien aux revendeurs et des formations de l\u2019Universit\u00e9 EcoWater pour les experts du traitement de l\u2019eau, nos produits innovants sont efficaces, certifi\u00e9s NSF et sauront satisfaire tous les besoins en eau de votre march\u00e9. Si vous souhaitez garantir une exp\u00e9rience client 5 \u00e9toiles tout en vous associant \u00e0 une marque riche d\u2019un si\u00e8cle de brevets, alors devenir revendeur EcoWater pourrait vous convenir.<\/p>\n\t\t\t\t\t<div class=\"d-flex flex-column flex-sm-row align-items-start\">\n\t\t\t\t\t\t\t\t\t\t\t\t\t<a class=\"btn btn-primary\" href=\"#dealer-contact\"\n\t\t\t\t\t\t\t   target=\"_self\">Devenir un revendeur<\/a>\n\t\t\t\t\t\t\t\t\t\t\t\t\t\t\t\t\t<\/div>\n\t\t\t\t\t\t\t\t\t<\/div>\n\t\t\t<\/div>\n\t\t\t<div class=\"col-md-4 text-center justify-content-center\"\n\t\t\t\t data-aos=\"fade-in\">\n\t\t\t\t<img loading=\"lazy\" decoding=\"async\" width=\"357\" height=\"235\" src=\"https:\/\/www.ecowater.com\/wp-content\/uploads\/2023\/12\/Mask-group-2.png\" class=\"rounded-half\" alt=\"A dealer talking to two customers in their home\" srcset=\"https:\/\/www.ecowater.com\/wp-content\/uploads\/2023\/12\/Mask-group-2.png 357w, https:\/\/www.ecowater.com\/wp-content\/uploads\/2023\/12\/Mask-group-2-300x197.png 300w\" sizes=\"auto, (max-width: 357px) 100vw, 357px\" \/>\t\t\t<\/div>\n\t\t<\/div>\n\t<\/div>\n<\/section>\n\n\n\n<section class=\"testimonial-slider\">\n\t\t<div class=\"container-lg\">\n\t\t<div class=\"row justify-content-center\">\n\t\t\t<div class=\"col-md-10 px-sm-3 px-3 position-relative\">\n\t\t\t\t\t\t\t\t\t<div class=\"quotes\">\n\t\t\t\t\t\t<img\n\t\t\t\t\t\t\tsrc=\"https:\/\/www.ecowater.com\/wp-content\/themes\/ecowater\/assets\/images\/svg\/quotes-green.svg\"\n\t\t\t\t\t\t\talt=\"\"\n\t\t\t\t\t\t\taria-hidden=\"true\">\n\t\t\t\t\t<\/div>\n\t\t\t\t\t<div class=\"testimonial-slides\" data-aos=\"fade-in\">\n\t\t\t\t\t\t\t\t\t\t\t\t\t\t\t\t\t\t\t\t<figure class=\"text-center\">\n\t\t\t\t\t\t\t\t\t\t\t\t\t\t\t\t\t<blockquote><p>Le service All-Rite est rapide, courtois et professionnel. Je suis tr\u00e8s satisfait de leur produit EcoWater et de leur \u00e9quipe. Merci Michael, de m\u2019avoir accord\u00e9 un rendez-vous \u00e0 si court terme!<\/p>\n<\/blockquote>\n\t\t\t\t\t\t\t\t\t\t\t\t\t\t\t\t\t\t\t\t\t\t\t\t\t<figcaption>\n\t\t\t\t\t\t\t\t\t\tPaul H.\t\t\t\t\t\t\t\t\t\t\t\t\t\t\t\t\t\t\t\t\t<span>All-Rite Water Purification &#8211; Vero Beach, FL<\/span>\n\t\t\t\t\t\t\t\t\t\t\t\t\t\t\t\t\t\t\t<\/figcaption>\n\t\t\t\t\t\t\t\t\t\t\t\t\t\t\t<\/figure>\n\t\t\t\t\t\t\t\t\t\t\t\t\t\t\t\t\t\t\t\t<figure class=\"text-center\">\n\t\t\t\t\t\t\t\t\t\t\t\t\t\t\t\t\t<blockquote><p>Ils ont fait\u00a0ce qui semblait impossible! Nous avons rencontr\u00e9 Advanced Water Systems pour la premi\u00e8re fois \u00e0 un\u00a0\u00e9v\u00e8nement communautaire.\u00a0 J&rsquo;\u00e9tais sceptique en raison de la gravit\u00e9 de notre probl\u00e8me d&rsquo;eau. Par le pass\u00e9, nous avons rencontr\u00e9 un certain nombre d&rsquo;entreprises qui ont essay\u00e9s de r\u00e9gler notre probl\u00e8me d&rsquo;eau potable sans succ\u00e8s.\u00a0 Advanced\u00a0Water Systems\u00a0a dit qu&rsquo;ils pouvaient nous aider.\u00a0 Apr\u00e8s la rencontre, nous avons d\u00e9cid\u00e9 d&rsquo;essayer\u00a0 leur solution.\u00a0 Son \u00e9quipe est arriv\u00e9, a test\u00e9 l&rsquo;eau, fait des recommandations et install\u00e9 le syst\u00e8me de production d&rsquo;eau. Nous pouvons d\u00e9sormais boire notre eau !!! Je pensais que le tout \u00e9tait trop beau pour \u00eatre vrai et ceci semble encore invraisemblable que nous puissions\u00a0\u00a0boire notre eau directement du robinet. Ils ont fait\u00a0ce qui semblait impossible! Je ne peux pas en dire \u00e0 quel point ces gars-l\u00e0 nous ont aid\u00e9s.\u00a0 Merci encore \u00e0 Roger, Rich, et toute l&rsquo;\u00e9quipe de Advanced Water Systems.<\/p>\n<\/blockquote>\n\t\t\t\t\t\t\t\t\t\t\t\t\t\t\t\t\t\t\t\t\t\t\t\t\t<figcaption>\n\t\t\t\t\t\t\t\t\t\tDAN &#038; DEE D. \t\t\t\t\t\t\t\t\t\t\t\t\t\t\t\t\t\t\t\t\t<span>Advanced Water Systems \u2013 Berlin, NY<\/span>\n\t\t\t\t\t\t\t\t\t\t\t\t\t\t\t\t\t\t\t<\/figcaption>\n\t\t\t\t\t\t\t\t\t\t\t\t\t\t\t<\/figure>\n\t\t\t\t\t\t\t\t\t\t\t\t\t\t\t\t\t\t\t\t<figure class=\"text-center\">\n\t\t\t\t\t\t\t\t\t\t\t\t\t\t\t\t\t<blockquote><p>Je tiens \u00e0 vous remercier pour vos soins\u00a0et votre merveilleux service. L&rsquo;installation a \u00e9t\u00e9 impeccable et professionnellement fait.\u00a0\u00a0 Je pensais que beaucoup de ce que vous disiez sur le syst\u00e8me \u00e9tait une tactique de de vente mais je suis agr\u00e9ablement surpris que le tout est vrai. L&rsquo;eau a bon go\u00fbt! Plus besoins d&rsquo;eau en bouteille. Notre syst\u00e8me d&rsquo;eau chaude fonctionne beaucoup mieux ce qui m&rsquo;a permis de baisser le\u00a0thermostat &#8230; et\u00a0 \u00e9conomiser $$$.\u00a0 Je sais que vous me l&rsquo;avez dit, je regrette juste de ne pas avoir fait cela, il y a des ann\u00e9es.<\/p>\n<\/blockquote>\n\t\t\t\t\t\t\t\t\t\t\t\t\t\t\t\t\t\t\t\t\t\t\t\t\t<figcaption>\n\t\t\t\t\t\t\t\t\t\tMICHAEL M. \t\t\t\t\t\t\t\t\t\t\t\t\t\t\t\t\t\t\t\t\t<span>EcoWater of San Diego \u2013 Oceanside, CA<\/span>\n\t\t\t\t\t\t\t\t\t\t\t\t\t\t\t\t\t\t\t<\/figcaption>\n\t\t\t\t\t\t\t\t\t\t\t\t\t\t\t<\/figure>\n\t\t\t\t\t\t\t\t\t\t\t<\/div>\n\t\t\t\t\t\t\t<\/div>\n\t\t<\/div>\n\t<\/div>\n<\/section>\n\n\n\n<section class=\"blue-cta\">\n\t\t<div class=\"blue-half\"><\/div>\n\t<div class=\"image-half d-none d-md-block\">\n\t\t<img loading=\"lazy\" decoding=\"async\" width=\"879\" height=\"431\" src=\"https:\/\/www.ecowater.com\/wp-content\/uploads\/2023\/11\/img_dealer-in-home.jpg\" class=\"attachment-full size-full\" alt=\"EcoWater dealer in potential customers home showing them information on an ipad\" srcset=\"https:\/\/www.ecowater.com\/wp-content\/uploads\/2023\/11\/img_dealer-in-home.jpg 879w, https:\/\/www.ecowater.com\/wp-content\/uploads\/2023\/11\/img_dealer-in-home-300x147.jpg 300w, https:\/\/www.ecowater.com\/wp-content\/uploads\/2023\/11\/img_dealer-in-home-768x377.jpg 768w\" sizes=\"auto, (max-width: 879px) 100vw, 879px\" \/>\t<\/div>\n\t<div class=\"container-lg\">\n\t\t<div class=\"row\">\n\t\t\t<div class=\"col-md-6\">\n\t\t\t\t<div class=\"copy\" data-aos=\"fade-in\">\n\t\t\t\t\t<h2>Passez \u00e0 l\u2019\u00e9tape suivante<\/h2>\n<p>Remplissez le formulaire et nous vous contacterons concernant la possibilit\u00e9 de devenir un revendeur EcoWater.<\/p>\n\t\t\t\t<\/div>\n\t\t\t\t<a class=\"mt-4 btn btn-secondary\" data-aos=\"fade-in\" href=\"#dealer-contact\" >Commencer<\/a>\t\t\t<\/div>\n\t\t<\/div>\n\t<\/div>\n<\/section>\n\n\n\n<section class=\"two-column-text\">\n\t\t<div class=\"container-lg\">\n\t\t<div class=\"row\">\n\t\t\t<div class=\"col-md-6\"><p><strong>Pas de frais de franchise<\/strong><\/p>\n<p>\u00c9conomisez sur vos co\u00fbts pour mieux r\u00e9investir dans votre entreprise tout en b\u00e9n\u00e9ficiant d\u2019un soutien et d\u2019une valeur in\u00e9gal\u00e9s de la part d\u2019un chef de file du secteur.<\/p>\n<p><strong>Produits propri\u00e9taires<\/strong><\/p>\n<p>Quelque 95 % de nos produits et composants sont con\u00e7us en interne et sont introuvables ailleurs.<\/p>\n<p><strong>Revenus r\u00e9currents<\/strong><\/p>\n<p>Notre entreprise est \u00e0 la fois vaste et stable, caract\u00e9ris\u00e9e par un flux r\u00e9gulier de lancements de nouveaux produits toujours \u00e0 l\u2019horizon.<\/p>\n<p><strong>Territoires exclusifs<\/strong><\/p>\n<p>Les revendeurs de notre r\u00e9seau b\u00e9n\u00e9ficient de territoires exclusifs d\u2019op\u00e9ration, vous n\u2019aurez donc pas \u00e0 vous soucier de la concurrence interne.<\/p>\n<p><strong>Prospects issus de clubs d\u2019adh\u00e9sion<\/strong><\/p>\n<p>Nous disposons de contrats avec des clubs d\u2019adh\u00e9sion s\u00e9lectionn\u00e9s et nous transf\u00e9rons des pistes de vente pr\u00e9cieuses \u00e0 notre r\u00e9seau de revendeurs.<\/p>\n<\/div><div class=\"col-md-6\"><p><strong>Formation commerciale<\/strong><\/p>\n<p>Des formations offertes aux experts en traitement de l\u2019eau par l\u2019Universit\u00e9 EcoWater au soutien marketing, nous sommes d\u00e9termin\u00e9s \u00e0 contribuer \u00e0 la r\u00e9ussite de nos partenaires.<\/p>\n<p><strong>Fabriqu\u00e9 aux \u00c9tats-Unis<\/strong><\/p>\n<p>Nous concevons, d\u00e9veloppons et fabriquons tous nos produits aux \u00c9tats-Unis.<\/p>\n<p><strong>Produits de qualit\u00e9 avec certifications<\/strong><\/p>\n<p>Notre entreprise dispose d\u2019un programme d\u2019assurance qualit\u00e9 exhaustif, assurant que tous nos adoucisseurs et syst\u00e8mes de filtration sont certifi\u00e9s par des tiers ind\u00e9pendants, garantissant ainsi leur efficacit\u00e9 et leur fiabilit\u00e9.<\/p>\n<p><strong>Un r\u00e9seau collaboratif<\/strong><\/p>\n<p>Participez au succ\u00e8s collectif, rencontrez et apprenez des autres revendeurs EcoWater lors de conventions annuelles exclusives.<\/p>\n<p><strong>Pistes de vente de grands d\u00e9taillants<\/strong><\/p>\n<p>Nos partenariats de vente au d\u00e9tail de confiance sont la base du meilleur programme de g\u00e9n\u00e9ration de pistes de vente de l\u2019industrie. Avec des pistes cibl\u00e9es et qualifi\u00e9es, saisissez des occasions pr\u00e9cieuses.<\/p>\n<\/div>\n\t\t<\/div>\n\t<\/div>\n<\/section>\n\n\n\n<section class=\"water-droplet-separator\">\n\t\t<div class=\"container-lg\">\n\t\t<div class=\"row\">\n\t\t\t<div class=\"col-12\">\n\t\t\t\t<div class=\"separator\">\n\t\t\t\t\t<img decoding=\"async\" src=\"https:\/\/www.ecowater.com\/wp-content\/themes\/ecowater\/assets\/images\/svg\/water-droplet.svg\" alt=\"\" aria-hidden=\"true\">\n\t\t\t\t\t<hr \/>\n\t\t\t\t<\/div>\n\t\t\t<\/div>\n\t\t<\/div>\n\t<\/div>\n<\/section>\n\n\n\n<section class=\"alternating-content\">\n\t\t<div class=\"container-lg\">\n\t\t<div class=\"row\">\n\t\t\t<div class=\"col-md-8 mb-lg-0 mb-4 d-flex align-items-center\"\n\t\t\t\t data-aos=\"fade-in\">\n\t\t\t\t<div class=\"alt-content-wrap\">\n\t\t\t\t\t<h2>Rejoignez l\u2019\u00e9quipe chef de file en solutions innovantes pour l\u2019eau<\/h2>\n<p>EcoWater pr\u00e9pare ses revendeurs pour un succ\u00e8s \u00e0 long terme avec des produits innovants qui d\u00e9finissent l\u2019avenir du traitement de l\u2019eau. Nous ne sommes pas une entreprise \u00e9ph\u00e9m\u00e8re. Nous \u0153uvrons avec diligence pour \u00eatre de bons partenaires avec nos revendeurs. En fait, certains de nos revendeurs sont avec nous depuis l\u2019\u00e9poque o\u00f9 nous \u00e9tions connus sous le nom de Lindsay Co., remontant au milieu du 20e si\u00e8cle.<\/p>\n\t\t\t\t\t<div class=\"d-flex flex-column flex-sm-row align-items-start\">\n\t\t\t\t\t\t\t\t\t\t\t\t\t\t\t\t\t<\/div>\n\t\t\t\t\t\t\t\t\t<\/div>\n\t\t\t<\/div>\n\t\t\t<div class=\"col-md-4 text-center justify-content-center\"\n\t\t\t\t data-aos=\"fade-in\">\n\t\t\t\t<img loading=\"lazy\" decoding=\"async\" width=\"356\" height=\"236\" src=\"https:\/\/www.ecowater.com\/wp-content\/uploads\/2023\/12\/Mask-group-15.png\" class=\"rounded-half\" alt=\"A hand holding a ball with water running over it\" srcset=\"https:\/\/www.ecowater.com\/wp-content\/uploads\/2023\/12\/Mask-group-15.png 356w, https:\/\/www.ecowater.com\/wp-content\/uploads\/2023\/12\/Mask-group-15-300x199.png 300w\" sizes=\"auto, (max-width: 356px) 100vw, 356px\" \/>\t\t\t<\/div>\n\t\t<\/div>\n\t<\/div>\n<\/section>\n\n\n\n<section class=\"contact-form mb-0 bg-video-section\" id=\"dealer-contact\">\n\t\t<video data-aos=\"fade-in\" class=\"background-video d-block w-100 lazy\" loop autoplay playsinline muted><source data-src=\"https:\/\/www.ecowater.com\/wp-content\/uploads\/2023\/12\/GettyImages-1041108162_4.mp4\" type=\"video\/mp4\"><\/video>\t<div class=\"container-lg\">\n\t\t<div class=\"row\">\n\t\t\t\t\t\t\t<div class=\"col-md-4 mb-4\" data-aos=\"fade-in\">\n\t\t\t\t\t<h2>Profitez de notre expertise<\/h2>\n<p>Fournissez les informations suivantes pour qu\u2019EcoWater puisse am\u00e9liorer le go\u00fbt et la qualit\u00e9 de l\u2019eau de votre domicile.<\/p>\n\t\t\t\t<\/div>\n\t\t\t\t\t\t<div class=\"col-md-8\" data-aos=\"fade-in\">\n\t\t\t\t\t\t\t\t\t\t\t\t\t<div class=\"form-container ms-0 ms-md-5\">\n\t\t\t\t\t\t<div class=\"w-100\" data-hs-id=\"ce31a79f-c0e4-46e6-807f-d2aa465a1614\" id=\"hs-ce31a79f-c0e4-46e6-807f-d2aa465a1614\"><\/div>\t\t\t\t\t<\/div>\n\t\t\t\t\t\t\t\t\t\t\t<\/div>\n\t\t<\/div>\n\t<\/div>\n<\/section>\n\n\n\n<section class=\"subscribe-form bg-blue mb-0\">\n\t\t<div class=\"container-lg\">\n\t\t<div class=\"row\">\n\t\t\t<div class=\"col-md-7\">\n\t\t\t\t<h2>Abonnez-vous pour profiter d\u2019offres sp\u00e9ciales et d\u2019autres avantages<\/h2>\n<p>Ne passez pas \u00e0 c\u00f4t\u00e9 des avantages exclusifs, des rabais, de l\u2019expertise en traitement de l\u2019eau, et plus encore!<\/p>\n\t\t\t<\/div>\n\t\t\t<div class=\"col-md-5 d-flex align-items-center justify-content-start\">\n\t\t\t\t<div class=\"w-100\" data-hs-id=\"f142044c-1c74-4f83-a504-4e3ce129bc0e\" id=\"hs-f142044c-1c74-4f83-a504-4e3ce129bc0e\"><\/div>\t\t\t<\/div>\n\t\t<\/div>\n\t<\/div>\n<\/section>\n","protected":false},"excerpt":{"rendered":"","protected":false},"author":1,"featured_media":0,"parent":0,"menu_order":0,"comment_status":"closed","ping_status":"closed","template":"","meta":{"_acf_changed":false,"content-type":"","footnotes":""},"class_list":["post-86","page","type-page","status-publish","hentry"],"acf":[],"yoast_head":"<!-- This site is optimized with the Yoast SEO plugin v27.0 - https:\/\/yoast.com\/product\/yoast-seo-wordpress\/ -->\n<title>D\u00e9couvrez les avantages de devenir revendeur EcoWater<\/title>\n<meta name=\"description\" content=\"Soutenu par un si\u00e8cle de brevets, rejoignez la meilleure \u00e9quipe pour des solutions innovantes en mati\u00e8re d&#039;eau. Devenez revendeur EcoWater pour garantir une exp\u00e9rience client 5 \u00e9toiles.\" \/>\n<meta name=\"robots\" content=\"index, follow, max-snippet:-1, max-image-preview:large, max-video-preview:-1\" \/>\n<link rel=\"canonical\" href=\"https:\/\/www.ecowater.com\/fr\/devenir-revendeur\/\" \/>\n<meta property=\"og:locale\" content=\"fr_FR\" \/>\n<meta property=\"og:type\" content=\"article\" \/>\n<meta property=\"og:title\" content=\"D\u00e9couvrez les avantages de devenir revendeur EcoWater\" \/>\n<meta property=\"og:description\" content=\"Soutenu par un si\u00e8cle de brevets, rejoignez la meilleure \u00e9quipe pour des solutions innovantes en mati\u00e8re d&#039;eau. Devenez revendeur EcoWater pour garantir une exp\u00e9rience client 5 \u00e9toiles.\" \/>\n<meta property=\"og:url\" content=\"https:\/\/www.ecowater.com\/fr\/devenir-revendeur\/\" \/>\n<meta property=\"og:site_name\" content=\"EcoWater\" \/>\n<meta property=\"article:modified_time\" content=\"2024-01-30T21:44:00+00:00\" \/>\n<meta name=\"twitter:card\" content=\"summary_large_image\" \/>\n<script type=\"application\/ld+json\" class=\"yoast-schema-graph\">{\"@context\":\"https:\/\/schema.org\",\"@graph\":[{\"@type\":\"WebPage\",\"@id\":\"https:\/\/www.ecowater.com\/fr\/devenir-revendeur\/\",\"url\":\"https:\/\/www.ecowater.com\/fr\/devenir-revendeur\/\",\"name\":\"D\u00e9couvrez les avantages de devenir revendeur EcoWater\",\"isPartOf\":{\"@id\":\"https:\/\/www.ecowater.com\/fr\/#website\"},\"datePublished\":\"2023-10-10T17:08:57+00:00\",\"dateModified\":\"2024-01-30T21:44:00+00:00\",\"description\":\"Soutenu par un si\u00e8cle de brevets, rejoignez la meilleure \u00e9quipe pour des solutions innovantes en mati\u00e8re d'eau. Devenez revendeur EcoWater pour garantir une exp\u00e9rience client 5 \u00e9toiles.\",\"breadcrumb\":{\"@id\":\"https:\/\/www.ecowater.com\/fr\/devenir-revendeur\/#breadcrumb\"},\"inLanguage\":\"fr-FR\",\"potentialAction\":[{\"@type\":\"ReadAction\",\"target\":[\"https:\/\/www.ecowater.com\/fr\/devenir-revendeur\/\"]}]},{\"@type\":\"BreadcrumbList\",\"@id\":\"https:\/\/www.ecowater.com\/fr\/devenir-revendeur\/#breadcrumb\",\"itemListElement\":[{\"@type\":\"ListItem\",\"position\":1,\"name\":\"Home\",\"item\":\"https:\/\/www.ecowater.com\/fr\/\"},{\"@type\":\"ListItem\",\"position\":2,\"name\":\"Devenir revendeur\"}]},{\"@type\":\"WebSite\",\"@id\":\"https:\/\/www.ecowater.com\/fr\/#website\",\"url\":\"https:\/\/www.ecowater.com\/fr\/\",\"name\":\"EcoWater\",\"description\":\"\",\"publisher\":{\"@id\":\"https:\/\/www.ecowater.com\/fr\/#organization\"},\"potentialAction\":[{\"@type\":\"SearchAction\",\"target\":{\"@type\":\"EntryPoint\",\"urlTemplate\":\"https:\/\/www.ecowater.com\/fr\/?s={search_term_string}\"},\"query-input\":{\"@type\":\"PropertyValueSpecification\",\"valueRequired\":true,\"valueName\":\"search_term_string\"}}],\"inLanguage\":\"fr-FR\"},{\"@type\":\"Organization\",\"@id\":\"https:\/\/www.ecowater.com\/fr\/#organization\",\"name\":\"EcoWater\",\"url\":\"https:\/\/www.ecowater.com\/fr\/\",\"logo\":{\"@type\":\"ImageObject\",\"inLanguage\":\"fr-FR\",\"@id\":\"https:\/\/www.ecowater.com\/fr\/#\/schema\/logo\/image\/\",\"url\":\"https:\/\/www.ecowater.com\/wp-content\/uploads\/2023\/10\/EcoWater-Logo.svg\",\"contentUrl\":\"https:\/\/www.ecowater.com\/wp-content\/uploads\/2023\/10\/EcoWater-Logo.svg\",\"caption\":\"EcoWater\"},\"image\":{\"@id\":\"https:\/\/www.ecowater.com\/fr\/#\/schema\/logo\/image\/\"}}]}<\/script>\n<!-- \/ Yoast SEO plugin. -->","yoast_head_json":{"title":"D\u00e9couvrez les avantages de devenir revendeur EcoWater","description":"Soutenu par un si\u00e8cle de brevets, rejoignez la meilleure \u00e9quipe pour des solutions innovantes en mati\u00e8re d'eau. Devenez revendeur EcoWater pour garantir une exp\u00e9rience client 5 \u00e9toiles.","robots":{"index":"index","follow":"follow","max-snippet":"max-snippet:-1","max-image-preview":"max-image-preview:large","max-video-preview":"max-video-preview:-1"},"canonical":"https:\/\/www.ecowater.com\/fr\/devenir-revendeur\/","og_locale":"fr_FR","og_type":"article","og_title":"D\u00e9couvrez les avantages de devenir revendeur EcoWater","og_description":"Soutenu par un si\u00e8cle de brevets, rejoignez la meilleure \u00e9quipe pour des solutions innovantes en mati\u00e8re d'eau. Devenez revendeur EcoWater pour garantir une exp\u00e9rience client 5 \u00e9toiles.","og_url":"https:\/\/www.ecowater.com\/fr\/devenir-revendeur\/","og_site_name":"EcoWater","article_modified_time":"2024-01-30T21:44:00+00:00","twitter_card":"summary_large_image","schema":{"@context":"https:\/\/schema.org","@graph":[{"@type":"WebPage","@id":"https:\/\/www.ecowater.com\/fr\/devenir-revendeur\/","url":"https:\/\/www.ecowater.com\/fr\/devenir-revendeur\/","name":"D\u00e9couvrez les avantages de devenir revendeur EcoWater","isPartOf":{"@id":"https:\/\/www.ecowater.com\/fr\/#website"},"datePublished":"2023-10-10T17:08:57+00:00","dateModified":"2024-01-30T21:44:00+00:00","description":"Soutenu par un si\u00e8cle de brevets, rejoignez la meilleure \u00e9quipe pour des solutions innovantes en mati\u00e8re d'eau. Devenez revendeur EcoWater pour garantir une exp\u00e9rience client 5 \u00e9toiles.","breadcrumb":{"@id":"https:\/\/www.ecowater.com\/fr\/devenir-revendeur\/#breadcrumb"},"inLanguage":"fr-FR","potentialAction":[{"@type":"ReadAction","target":["https:\/\/www.ecowater.com\/fr\/devenir-revendeur\/"]}]},{"@type":"BreadcrumbList","@id":"https:\/\/www.ecowater.com\/fr\/devenir-revendeur\/#breadcrumb","itemListElement":[{"@type":"ListItem","position":1,"name":"Home","item":"https:\/\/www.ecowater.com\/fr\/"},{"@type":"ListItem","position":2,"name":"Devenir revendeur"}]},{"@type":"WebSite","@id":"https:\/\/www.ecowater.com\/fr\/#website","url":"https:\/\/www.ecowater.com\/fr\/","name":"EcoWater","description":"","publisher":{"@id":"https:\/\/www.ecowater.com\/fr\/#organization"},"potentialAction":[{"@type":"SearchAction","target":{"@type":"EntryPoint","urlTemplate":"https:\/\/www.ecowater.com\/fr\/?s={search_term_string}"},"query-input":{"@type":"PropertyValueSpecification","valueRequired":true,"valueName":"search_term_string"}}],"inLanguage":"fr-FR"},{"@type":"Organization","@id":"https:\/\/www.ecowater.com\/fr\/#organization","name":"EcoWater","url":"https:\/\/www.ecowater.com\/fr\/","logo":{"@type":"ImageObject","inLanguage":"fr-FR","@id":"https:\/\/www.ecowater.com\/fr\/#\/schema\/logo\/image\/","url":"https:\/\/www.ecowater.com\/wp-content\/uploads\/2023\/10\/EcoWater-Logo.svg","contentUrl":"https:\/\/www.ecowater.com\/wp-content\/uploads\/2023\/10\/EcoWater-Logo.svg","caption":"EcoWater"},"image":{"@id":"https:\/\/www.ecowater.com\/fr\/#\/schema\/logo\/image\/"}}]}},"_links":{"self":[{"href":"https:\/\/www.ecowater.com\/fr\/wp-json\/wp\/v2\/pages\/86","targetHints":{"allow":["GET"]}}],"collection":[{"href":"https:\/\/www.ecowater.com\/fr\/wp-json\/wp\/v2\/pages"}],"about":[{"href":"https:\/\/www.ecowater.com\/fr\/wp-json\/wp\/v2\/types\/page"}],"author":[{"embeddable":true,"href":"https:\/\/www.ecowater.com\/fr\/wp-json\/wp\/v2\/users\/1"}],"replies":[{"embeddable":true,"href":"https:\/\/www.ecowater.com\/fr\/wp-json\/wp\/v2\/comments?post=86"}],"version-history":[{"count":48,"href":"https:\/\/www.ecowater.com\/fr\/wp-json\/wp\/v2\/pages\/86\/revisions"}],"predecessor-version":[{"id":5027,"href":"https:\/\/www.ecowater.com\/fr\/wp-json\/wp\/v2\/pages\/86\/revisions\/5027"}],"wp:attachment":[{"href":"https:\/\/www.ecowater.com\/fr\/wp-json\/wp\/v2\/media?parent=86"}],"curies":[{"name":"wp","href":"https:\/\/api.w.org\/{rel}","templated":true}]}}