{"id":87,"date":"2023-10-10T17:08:38","date_gmt":"2023-10-10T17:08:38","guid":{"rendered":"https:\/\/www.ecowater.com\/localisateur-de-revendeurs\/"},"modified":"2024-01-30T16:33:21","modified_gmt":"2024-01-30T16:33:21","slug":"localisateur-de-revendeurs","status":"publish","type":"page","link":"https:\/\/www.ecowater.com\/fr\/localisateur-de-revendeurs\/","title":{"rendered":"Outil de localisation de revendeurs"},"content":{"rendered":"\n<section class=\"text-banner\">\n\t\t\t\t<div class=\"container-lg\">\n\t\t\t<div class=\"row\">\n\t\t\t\t<div class=\"col-12\" data-aos=\"fade-in\">\n\t\t\t\t\t<div class=\"banner-content text-center z-index-up position-relative\">\n\t\t\t\t\t\t<h1>Trouver un expert EcoWater pr\u00e8s de chez vous<\/h1>\n\t\t\t\t\t<\/div>\n\t\t\t\t<\/div>\n\t\t\t<\/div>\n\t\t<\/div>\n\t<\/section>\n\n\n\n<section class=\"alternating-content\">\n\t\t<div class=\"container-lg\">\n\t\t<div class=\"row\">\n\t\t\t<div class=\"col-md-9 mb-lg-0 mb-4 d-flex align-items-center\"\n\t\t\t\t data-aos=\"fade-in\">\n\t\t\t\t<div class=\"alt-content-wrap\">\n\t\t\t\t\t<p>Avec un r\u00e9seau \u00e9tendu de plus de 250 concessionnaires en Am\u00e9rique du Nord, il est plus facile que jamais de faire traiter votre eau par EcoWater. Trouvez un concessionnaire EcoWater pr\u00e8s de chez vous qui pourra vous fournir une consultation gratuite. La connaissance des conditions locales des eaux souterraines et des contaminants potentiels, alli\u00e9e \u00e0 un test d\u2019eau professionnel, garantit que vous obtenez une solution de traitement adapt\u00e9e aux besoins uniques en eau de votre maison, maintenant et pour l\u2019avenir.<\/p>\n\t\t\t\t\t<div class=\"d-flex flex-column flex-sm-row align-items-start\">\n\t\t\t\t\t\t\t\t\t\t\t\t\t\t\t\t\t<\/div>\n\t\t\t\t\t\t\t\t\t<\/div>\n\t\t\t<\/div>\n\t\t\t<div class=\"col-md-3 text-center justify-content-center\"\n\t\t\t\t data-aos=\"fade-in\">\n\t\t\t\t<img loading=\"lazy\" decoding=\"async\" width=\"233\" height=\"151\" src=\"https:\/\/www.ecowater.com\/wp-content\/uploads\/2024\/01\/Location-Map.svg\" class=\"rounded-half\" alt=\"A navy map of the united states with teal dots on it.\" \/>\t\t\t<\/div>\n\t\t<\/div>\n\t<\/div>\n<\/section>\n\n\n\n<section class=\"dealer-locator\" >\n\t\t<div class=\"container-lg\">\n\t\t<div class=\"row\">\n\t\t\t<div class=\"col-md-8 col-lg-6\">\n\t\t\t\t<div class=\"locator p-4 p-md-5\">\n\t\t\t\t\t<form action=\"\">\n\t\t\t\t\t\t\t\t\t\t\t\t\t<label for=\"zip\" class=\"h3\">\n\t\t\t\t\t\t\t\tEntrez Votre Code Postal\t\t\t\t\t\t\t<\/label>\n\t\t\t\t\t\t\t\t\t\t\t\t<div class=\"d-flex flex-column flex-md-row\">\n\t\t\t\t\t\t\t<input class=\"form-control me-4 mb-3 mb-md-0\" required type=\"text\" id=\"zip\"\n\t\t\t\t\t\t\t\tpattern=\"\\d{5}(?:-\\d{4})?|[a-zA-Z]\\d[a-zA-Z] ?\\d[a-zA-Z]\\d\">\n\t\t\t\t\t\t\t<button class=\"btn btn-primary\" id=\"submit-search\" type=\"submit\">\n\t\t\t\t\t\t\t\tSearch\t\t\t\t\t\t\t<\/button>\n\t\t\t\t\t\t<\/div>\n\t\t\t\t\t<\/form>\n\t\t\t\t<\/div>\n\t\t\t<\/div>\n\t\t\t\t\t\t\t<div class=\"col-md-8 mt-5\">\n\t\t\t\t\t<div class=\"copy\">\n\t\t\t\t\t\t<h3>Vous cherchez un revendeur du secteur commercial?<\/h3>\n<p>Si vous poss\u00e9dez une entreprise ou g\u00e9rez un bien immobilier n\u00e9cessitant un traitement de l\u2019eau, nous pouvons vous aider. Contactez-nous et l\u2019un de nos revendeurs du secteur commercial se fera un plaisir de r\u00e9pondre \u00e0 vos besoins en mati\u00e8re de traitement de l\u2019eau.<\/p>\n\t\t\t\t\t<\/div>\n\t\t\t\t\t<div class=\"mt-4\"><a class=\"btn-arrow\" href=\"https:\/\/www.ecowater.com\/fr\/commercial\/#contact-form\" >Communiquez avec un revendeur du secteur commercial<\/a><\/div>\t\t\t\t<\/div>\n\t\t\t\t\t<\/div>\n\t<\/div>\n<\/section>\n\n\n\n<section class=\"gray-callout mb-0\">\n\t\t<div class=\"gray-half bg-gray\"><\/div>\n\t<div class=\"image-half\"><img loading=\"lazy\" decoding=\"async\" width=\"879\" height=\"431\" src=\"https:\/\/www.ecowater.com\/wp-content\/uploads\/2023\/11\/img_dealer-in-home.jpg\" class=\"attachment-full size-full\" alt=\"EcoWater dealer in potential customers home showing them information on an ipad\" srcset=\"https:\/\/www.ecowater.com\/wp-content\/uploads\/2023\/11\/img_dealer-in-home.jpg 879w, https:\/\/www.ecowater.com\/wp-content\/uploads\/2023\/11\/img_dealer-in-home-300x147.jpg 300w, https:\/\/www.ecowater.com\/wp-content\/uploads\/2023\/11\/img_dealer-in-home-768x377.jpg 768w\" sizes=\"auto, (max-width: 879px) 100vw, 879px\" \/><\/div>\t<div class=\"container-lg\">\n\t\t<div class=\"row\">\n\t\t\t<div class=\"col-md-6\">\n\t\t\t\t<div class=\"py-5 pe-3\" data-aos=\"fade-up\">\n\t\t\t\t\t<h2>Votre consultation \u00e0 domicile EcoWater<\/h2>\n<p>Dans le cadre de votre consultation et de votre test d\u2019eau gratuits, attendez-vous \u00e0 ce que votre expert EcoWater soit professionnel, courtois et bien inform\u00e9 et qu\u2019il \u00e9labore une solution sur mesure con\u00e7ue pour r\u00e9pondre \u00e0 vos besoins pr\u00e9cis. Ayez l\u2019esprit tranquille gr\u00e2ce \u00e0 des \u00e9valuations de qualit\u00e9 sup\u00e9rieure et un r\u00e9seau de concessionnaires hautement qualifi\u00e9s, et soyez assur\u00e9 qu\u2019EcoWater offre toujours une expertise de premier plan dans l\u2019industrie et des produits innovants.<\/p>\n\t\t\t\t<\/div>\n\t\t\t<\/div>\n\t\t<\/div>\n\t<\/div>\n<\/section>\n","protected":false},"excerpt":{"rendered":"","protected":false},"author":1,"featured_media":0,"parent":0,"menu_order":0,"comment_status":"closed","ping_status":"closed","template":"","meta":{"_acf_changed":false,"content-type":"","footnotes":""},"class_list":["post-87","page","type-page","status-publish","hentry"],"acf":[],"yoast_head":"<!-- This site is optimized with the Yoast SEO plugin v27.0 - https:\/\/yoast.com\/product\/yoast-seo-wordpress\/ -->\n<title>Trouver un expert EcoWater pr\u00e8s de chez vous<\/title>\n<meta name=\"description\" content=\"Trouvez un revendeur EcoWater pr\u00e8s de chez vous qui peut diagnostiquer vos probl\u00e8mes d\u2019eau. Nos professionnels form\u00e9s identifieront la solution parfaite r\u00e9pondant \u00e0 vos besoins.\" \/>\n<meta name=\"robots\" content=\"index, follow, max-snippet:-1, max-image-preview:large, max-video-preview:-1\" \/>\n<link rel=\"canonical\" href=\"https:\/\/www.ecowater.com\/fr\/localisateur-de-revendeurs\/\" \/>\n<meta property=\"og:locale\" content=\"fr_FR\" \/>\n<meta property=\"og:type\" content=\"article\" \/>\n<meta property=\"og:title\" content=\"Trouver un expert EcoWater pr\u00e8s de chez vous\" \/>\n<meta property=\"og:description\" content=\"Trouvez un revendeur EcoWater pr\u00e8s de chez vous qui peut diagnostiquer vos probl\u00e8mes d\u2019eau. Nos professionnels form\u00e9s identifieront la solution parfaite r\u00e9pondant \u00e0 vos besoins.\" \/>\n<meta property=\"og:url\" content=\"https:\/\/www.ecowater.com\/fr\/localisateur-de-revendeurs\/\" \/>\n<meta property=\"og:site_name\" content=\"EcoWater\" \/>\n<meta property=\"article:modified_time\" content=\"2024-01-30T16:33:21+00:00\" \/>\n<meta name=\"twitter:card\" content=\"summary_large_image\" \/>\n<script type=\"application\/ld+json\" class=\"yoast-schema-graph\">{\"@context\":\"https:\/\/schema.org\",\"@graph\":[{\"@type\":\"WebPage\",\"@id\":\"https:\/\/www.ecowater.com\/fr\/localisateur-de-revendeurs\/\",\"url\":\"https:\/\/www.ecowater.com\/fr\/localisateur-de-revendeurs\/\",\"name\":\"Trouver un expert EcoWater pr\u00e8s de chez vous\",\"isPartOf\":{\"@id\":\"https:\/\/www.ecowater.com\/fr\/#website\"},\"datePublished\":\"2023-10-10T17:08:38+00:00\",\"dateModified\":\"2024-01-30T16:33:21+00:00\",\"description\":\"Trouvez un revendeur EcoWater pr\u00e8s de chez vous qui peut diagnostiquer vos probl\u00e8mes d\u2019eau. Nos professionnels form\u00e9s identifieront la solution parfaite r\u00e9pondant \u00e0 vos besoins.\",\"breadcrumb\":{\"@id\":\"https:\/\/www.ecowater.com\/fr\/localisateur-de-revendeurs\/#breadcrumb\"},\"inLanguage\":\"fr-FR\",\"potentialAction\":[{\"@type\":\"ReadAction\",\"target\":[\"https:\/\/www.ecowater.com\/fr\/localisateur-de-revendeurs\/\"]}]},{\"@type\":\"BreadcrumbList\",\"@id\":\"https:\/\/www.ecowater.com\/fr\/localisateur-de-revendeurs\/#breadcrumb\",\"itemListElement\":[{\"@type\":\"ListItem\",\"position\":1,\"name\":\"Home\",\"item\":\"https:\/\/www.ecowater.com\/fr\/\"},{\"@type\":\"ListItem\",\"position\":2,\"name\":\"Outil de localisation de revendeurs\"}]},{\"@type\":\"WebSite\",\"@id\":\"https:\/\/www.ecowater.com\/fr\/#website\",\"url\":\"https:\/\/www.ecowater.com\/fr\/\",\"name\":\"EcoWater\",\"description\":\"\",\"publisher\":{\"@id\":\"https:\/\/www.ecowater.com\/fr\/#organization\"},\"potentialAction\":[{\"@type\":\"SearchAction\",\"target\":{\"@type\":\"EntryPoint\",\"urlTemplate\":\"https:\/\/www.ecowater.com\/fr\/?s={search_term_string}\"},\"query-input\":{\"@type\":\"PropertyValueSpecification\",\"valueRequired\":true,\"valueName\":\"search_term_string\"}}],\"inLanguage\":\"fr-FR\"},{\"@type\":\"Organization\",\"@id\":\"https:\/\/www.ecowater.com\/fr\/#organization\",\"name\":\"EcoWater\",\"url\":\"https:\/\/www.ecowater.com\/fr\/\",\"logo\":{\"@type\":\"ImageObject\",\"inLanguage\":\"fr-FR\",\"@id\":\"https:\/\/www.ecowater.com\/fr\/#\/schema\/logo\/image\/\",\"url\":\"https:\/\/www.ecowater.com\/wp-content\/uploads\/2023\/10\/EcoWater-Logo.svg\",\"contentUrl\":\"https:\/\/www.ecowater.com\/wp-content\/uploads\/2023\/10\/EcoWater-Logo.svg\",\"caption\":\"EcoWater\"},\"image\":{\"@id\":\"https:\/\/www.ecowater.com\/fr\/#\/schema\/logo\/image\/\"}}]}<\/script>\n<!-- \/ Yoast SEO plugin. -->","yoast_head_json":{"title":"Trouver un expert EcoWater pr\u00e8s de chez vous","description":"Trouvez un revendeur EcoWater pr\u00e8s de chez vous qui peut diagnostiquer vos probl\u00e8mes d\u2019eau. Nos professionnels form\u00e9s identifieront la solution parfaite r\u00e9pondant \u00e0 vos besoins.","robots":{"index":"index","follow":"follow","max-snippet":"max-snippet:-1","max-image-preview":"max-image-preview:large","max-video-preview":"max-video-preview:-1"},"canonical":"https:\/\/www.ecowater.com\/fr\/localisateur-de-revendeurs\/","og_locale":"fr_FR","og_type":"article","og_title":"Trouver un expert EcoWater pr\u00e8s de chez vous","og_description":"Trouvez un revendeur EcoWater pr\u00e8s de chez vous qui peut diagnostiquer vos probl\u00e8mes d\u2019eau. Nos professionnels form\u00e9s identifieront la solution parfaite r\u00e9pondant \u00e0 vos besoins.","og_url":"https:\/\/www.ecowater.com\/fr\/localisateur-de-revendeurs\/","og_site_name":"EcoWater","article_modified_time":"2024-01-30T16:33:21+00:00","twitter_card":"summary_large_image","schema":{"@context":"https:\/\/schema.org","@graph":[{"@type":"WebPage","@id":"https:\/\/www.ecowater.com\/fr\/localisateur-de-revendeurs\/","url":"https:\/\/www.ecowater.com\/fr\/localisateur-de-revendeurs\/","name":"Trouver un expert EcoWater pr\u00e8s de chez vous","isPartOf":{"@id":"https:\/\/www.ecowater.com\/fr\/#website"},"datePublished":"2023-10-10T17:08:38+00:00","dateModified":"2024-01-30T16:33:21+00:00","description":"Trouvez un revendeur EcoWater pr\u00e8s de chez vous qui peut diagnostiquer vos probl\u00e8mes d\u2019eau. Nos professionnels form\u00e9s identifieront la solution parfaite r\u00e9pondant \u00e0 vos besoins.","breadcrumb":{"@id":"https:\/\/www.ecowater.com\/fr\/localisateur-de-revendeurs\/#breadcrumb"},"inLanguage":"fr-FR","potentialAction":[{"@type":"ReadAction","target":["https:\/\/www.ecowater.com\/fr\/localisateur-de-revendeurs\/"]}]},{"@type":"BreadcrumbList","@id":"https:\/\/www.ecowater.com\/fr\/localisateur-de-revendeurs\/#breadcrumb","itemListElement":[{"@type":"ListItem","position":1,"name":"Home","item":"https:\/\/www.ecowater.com\/fr\/"},{"@type":"ListItem","position":2,"name":"Outil de localisation de revendeurs"}]},{"@type":"WebSite","@id":"https:\/\/www.ecowater.com\/fr\/#website","url":"https:\/\/www.ecowater.com\/fr\/","name":"EcoWater","description":"","publisher":{"@id":"https:\/\/www.ecowater.com\/fr\/#organization"},"potentialAction":[{"@type":"SearchAction","target":{"@type":"EntryPoint","urlTemplate":"https:\/\/www.ecowater.com\/fr\/?s={search_term_string}"},"query-input":{"@type":"PropertyValueSpecification","valueRequired":true,"valueName":"search_term_string"}}],"inLanguage":"fr-FR"},{"@type":"Organization","@id":"https:\/\/www.ecowater.com\/fr\/#organization","name":"EcoWater","url":"https:\/\/www.ecowater.com\/fr\/","logo":{"@type":"ImageObject","inLanguage":"fr-FR","@id":"https:\/\/www.ecowater.com\/fr\/#\/schema\/logo\/image\/","url":"https:\/\/www.ecowater.com\/wp-content\/uploads\/2023\/10\/EcoWater-Logo.svg","contentUrl":"https:\/\/www.ecowater.com\/wp-content\/uploads\/2023\/10\/EcoWater-Logo.svg","caption":"EcoWater"},"image":{"@id":"https:\/\/www.ecowater.com\/fr\/#\/schema\/logo\/image\/"}}]}},"_links":{"self":[{"href":"https:\/\/www.ecowater.com\/fr\/wp-json\/wp\/v2\/pages\/87","targetHints":{"allow":["GET"]}}],"collection":[{"href":"https:\/\/www.ecowater.com\/fr\/wp-json\/wp\/v2\/pages"}],"about":[{"href":"https:\/\/www.ecowater.com\/fr\/wp-json\/wp\/v2\/types\/page"}],"author":[{"embeddable":true,"href":"https:\/\/www.ecowater.com\/fr\/wp-json\/wp\/v2\/users\/1"}],"replies":[{"embeddable":true,"href":"https:\/\/www.ecowater.com\/fr\/wp-json\/wp\/v2\/comments?post=87"}],"version-history":[{"count":14,"href":"https:\/\/www.ecowater.com\/fr\/wp-json\/wp\/v2\/pages\/87\/revisions"}],"predecessor-version":[{"id":4984,"href":"https:\/\/www.ecowater.com\/fr\/wp-json\/wp\/v2\/pages\/87\/revisions\/4984"}],"wp:attachment":[{"href":"https:\/\/www.ecowater.com\/fr\/wp-json\/wp\/v2\/media?parent=87"}],"curies":[{"name":"wp","href":"https:\/\/api.w.org\/{rel}","templated":true}]}}