{"id":88,"date":"2023-10-10T16:38:55","date_gmt":"2023-10-10T16:38:55","guid":{"rendered":"https:\/\/www.ecowater.com\/contact\/"},"modified":"2024-02-08T21:02:42","modified_gmt":"2024-02-08T21:02:42","slug":"contact","status":"publish","type":"page","link":"https:\/\/www.ecowater.com\/fr\/contact\/","title":{"rendered":"Formulaire de contact"},"content":{"rendered":"\n<section class=\"text-banner\">\n\t\t\t\t<div class=\"container-lg\">\n\t\t\t<div class=\"row\">\n\t\t\t\t<div class=\"col-12\" data-aos=\"fade-in\">\n\t\t\t\t\t<div class=\"banner-content text-center z-index-up position-relative\">\n\t\t\t\t\t\t<h1>Contactez-nous<\/h1>\n\t\t\t\t\t<\/div>\n\t\t\t\t<\/div>\n\t\t\t<\/div>\n\t\t<\/div>\n\t<\/section>\n\n\n\n<section class=\"plain-text\">\n\t\t<div class=\"container-lg\">\n\t\t<div class=\"row\">\n\t\t\t<div class=\"col-12\" data-aos=\"fade-in\">\n\t\t\t\t<p>Que vous cherchiez de l\u2019aide pour trouver un expert en traitement de l\u2019eau EcoWater dans votre r\u00e9gion ou que vous ayez des questions concernant des revendeurs ou des commerces, EcoWater est l\u00e0 pour vous aider. Nos coordonn\u00e9es sont ci-dessous, afin que vous puissiez nous contacter de la mani\u00e8re qui vous convient le mieux.<\/p>\n\t\t\t<\/div>\n\t\t<\/div>\n\t<\/div>\n<\/section>\n\n\n\n<section class=\"contact-form\" id=\"dealer-contact\">\n\t\t\t<div class=\"container-lg\">\n\t\t<div class=\"row flex-row-reverse\">\n\t\t\t\t\t\t\t<div class=\"col-md-4 mb-4\" data-aos=\"fade-in\">\n\t\t\t\t\t<h2>Si\u00e8ge social d\u2019Ecowater<\/h2>\n<p><strong>Adresse<\/strong><br \/>\n1890 Woodlane Dr., Woodbury, MN 55125<br \/>\n<a href=\"https:\/\/maps.app.goo.gl\/VQsyxU264SZRcSgu7\">Directions<\/a><\/p>\n<p><a href=\"https:\/\/www.ecowater.com\/fr\/localisateur-de-revendeurs\/\"><strong>Trouvez votre pro EcoWater<\/strong><\/a><\/p>\n<p><strong>Service \u00e0 la client\u00e8le<\/strong><br \/>\n<a href=\"tel:+800-808-9899\">800-808-9899<\/a><\/p>\n\t\t\t\t<\/div>\n\t\t\t\t\t\t<div class=\"col-md-8\" data-aos=\"fade-in\">\n\t\t\t\t\t\t\t\t\t<div class=\"mb-5\">\n\t\t\t\t\t\t<h2>Soumettre une demande<\/h2>\n<p>L\u2019un de nos sympathiques experts en traitement de l\u2019eau vous r\u00e9pondra rapidement.<\/p>\n\t\t\t\t\t<\/div>\n\t\t\t\t\t\t\t\t\t\t\t\t\t<div class=\"form-container me-0 me-md-5\">\n\t\t\t\t\t\t<div class=\"w-100\" data-hs-id=\"98a9949b-f4cb-4559-82ae-e229e2e77337\" id=\"hs-98a9949b-f4cb-4559-82ae-e229e2e77337\"><\/div>\t\t\t\t\t<\/div>\n\t\t\t\t\t\t\t\t\t\t\t\t\t<div class=\"mb-5\">\n\t\t\t\t\t\t<p>&nbsp;<\/p>\n<p><strong>Int\u00e9ress\u00e9 \u00e0 devenir un revendeur?<\/strong><br \/>\n<a href=\"https:\/\/www.ecowater.com\/fr\/devenir-revendeur\/\">En savoir plus<\/a><\/p>\n\t\t\t\t\t<\/div>\n\t\t\t\t\t\t\t<\/div>\n\t\t<\/div>\n\t<\/div>\n<\/section>\n\n\n\n<section class=\"water-video-separator mb-0\">\n\t\t<div  data-aos=\"fade-in\"><video class=\"d-block w-100 lazy\" src=\"https:\/\/www.ecowater.com\/wp-content\/uploads\/2023\/12\/GettyImages-1041108162_4.mp4 \" loop autoplay playsinline muted><source data-src=\"https:\/\/www.ecowater.com\/wp-content\/uploads\/2023\/12\/GettyImages-1041108162_4.mp4\" type=\"video\/mp4\"><\/video><\/div><\/section>\n","protected":false},"excerpt":{"rendered":"","protected":false},"author":1,"featured_media":0,"parent":0,"menu_order":0,"comment_status":"closed","ping_status":"closed","template":"","meta":{"_acf_changed":false,"content-type":"","footnotes":""},"class_list":["post-88","page","type-page","status-publish","hentry"],"acf":[],"yoast_head":"<!-- This site is optimized with the Yoast SEO plugin v27.0 - https:\/\/yoast.com\/product\/yoast-seo-wordpress\/ -->\n<title>Contactez-nous | EcoWater<\/title>\n<meta name=\"description\" content=\"Que vous cherchiez de l\u2019aide pour trouver un expert en traitement de l\u2019eau EcoWater dans votre r\u00e9gion ou que vous ayez des questions concernant des revendeurs ou des commerces, EcoWater est l\u00e0 pour vous aider. Contactez d\u00e8s aujourd\u2019hui un membre de notre \u00e9quipe qui se fera un plaisir de vous servir avec courtoisie.\" \/>\n<meta name=\"robots\" content=\"index, follow, max-snippet:-1, max-image-preview:large, max-video-preview:-1\" \/>\n<link rel=\"canonical\" href=\"https:\/\/www.ecowater.com\/fr\/contact\/\" \/>\n<meta property=\"og:locale\" content=\"fr_FR\" \/>\n<meta property=\"og:type\" content=\"article\" \/>\n<meta property=\"og:title\" content=\"Contactez-nous | EcoWater\" \/>\n<meta property=\"og:description\" content=\"Que vous cherchiez de l\u2019aide pour trouver un expert en traitement de l\u2019eau EcoWater dans votre r\u00e9gion ou que vous ayez des questions concernant des revendeurs ou des commerces, EcoWater est l\u00e0 pour vous aider. Contactez d\u00e8s aujourd\u2019hui un membre de notre \u00e9quipe qui se fera un plaisir de vous servir avec courtoisie.\" \/>\n<meta property=\"og:url\" content=\"https:\/\/www.ecowater.com\/fr\/contact\/\" \/>\n<meta property=\"og:site_name\" content=\"EcoWater\" \/>\n<meta property=\"article:modified_time\" content=\"2024-02-08T21:02:42+00:00\" \/>\n<meta name=\"twitter:card\" content=\"summary_large_image\" \/>\n<script type=\"application\/ld+json\" class=\"yoast-schema-graph\">{\"@context\":\"https:\/\/schema.org\",\"@graph\":[{\"@type\":\"WebPage\",\"@id\":\"https:\/\/www.ecowater.com\/fr\/contact\/\",\"url\":\"https:\/\/www.ecowater.com\/fr\/contact\/\",\"name\":\"Contactez-nous | EcoWater\",\"isPartOf\":{\"@id\":\"https:\/\/www.ecowater.com\/fr\/#website\"},\"datePublished\":\"2023-10-10T16:38:55+00:00\",\"dateModified\":\"2024-02-08T21:02:42+00:00\",\"description\":\"Que vous cherchiez de l\u2019aide pour trouver un expert en traitement de l\u2019eau EcoWater dans votre r\u00e9gion ou que vous ayez des questions concernant des revendeurs ou des commerces, EcoWater est l\u00e0 pour vous aider. Contactez d\u00e8s aujourd\u2019hui un membre de notre \u00e9quipe qui se fera un plaisir de vous servir avec courtoisie.\",\"breadcrumb\":{\"@id\":\"https:\/\/www.ecowater.com\/fr\/contact\/#breadcrumb\"},\"inLanguage\":\"fr-FR\",\"potentialAction\":[{\"@type\":\"ReadAction\",\"target\":[\"https:\/\/www.ecowater.com\/fr\/contact\/\"]}]},{\"@type\":\"BreadcrumbList\",\"@id\":\"https:\/\/www.ecowater.com\/fr\/contact\/#breadcrumb\",\"itemListElement\":[{\"@type\":\"ListItem\",\"position\":1,\"name\":\"Home\",\"item\":\"https:\/\/www.ecowater.com\/fr\/\"},{\"@type\":\"ListItem\",\"position\":2,\"name\":\"Formulaire de contact\"}]},{\"@type\":\"WebSite\",\"@id\":\"https:\/\/www.ecowater.com\/fr\/#website\",\"url\":\"https:\/\/www.ecowater.com\/fr\/\",\"name\":\"EcoWater\",\"description\":\"\",\"publisher\":{\"@id\":\"https:\/\/www.ecowater.com\/fr\/#organization\"},\"potentialAction\":[{\"@type\":\"SearchAction\",\"target\":{\"@type\":\"EntryPoint\",\"urlTemplate\":\"https:\/\/www.ecowater.com\/fr\/?s={search_term_string}\"},\"query-input\":{\"@type\":\"PropertyValueSpecification\",\"valueRequired\":true,\"valueName\":\"search_term_string\"}}],\"inLanguage\":\"fr-FR\"},{\"@type\":\"Organization\",\"@id\":\"https:\/\/www.ecowater.com\/fr\/#organization\",\"name\":\"EcoWater\",\"url\":\"https:\/\/www.ecowater.com\/fr\/\",\"logo\":{\"@type\":\"ImageObject\",\"inLanguage\":\"fr-FR\",\"@id\":\"https:\/\/www.ecowater.com\/fr\/#\/schema\/logo\/image\/\",\"url\":\"https:\/\/www.ecowater.com\/wp-content\/uploads\/2023\/10\/EcoWater-Logo.svg\",\"contentUrl\":\"https:\/\/www.ecowater.com\/wp-content\/uploads\/2023\/10\/EcoWater-Logo.svg\",\"caption\":\"EcoWater\"},\"image\":{\"@id\":\"https:\/\/www.ecowater.com\/fr\/#\/schema\/logo\/image\/\"}}]}<\/script>\n<!-- \/ Yoast SEO plugin. -->","yoast_head_json":{"title":"Contactez-nous | EcoWater","description":"Que vous cherchiez de l\u2019aide pour trouver un expert en traitement de l\u2019eau EcoWater dans votre r\u00e9gion ou que vous ayez des questions concernant des revendeurs ou des commerces, EcoWater est l\u00e0 pour vous aider. Contactez d\u00e8s aujourd\u2019hui un membre de notre \u00e9quipe qui se fera un plaisir de vous servir avec courtoisie.","robots":{"index":"index","follow":"follow","max-snippet":"max-snippet:-1","max-image-preview":"max-image-preview:large","max-video-preview":"max-video-preview:-1"},"canonical":"https:\/\/www.ecowater.com\/fr\/contact\/","og_locale":"fr_FR","og_type":"article","og_title":"Contactez-nous | EcoWater","og_description":"Que vous cherchiez de l\u2019aide pour trouver un expert en traitement de l\u2019eau EcoWater dans votre r\u00e9gion ou que vous ayez des questions concernant des revendeurs ou des commerces, EcoWater est l\u00e0 pour vous aider. Contactez d\u00e8s aujourd\u2019hui un membre de notre \u00e9quipe qui se fera un plaisir de vous servir avec courtoisie.","og_url":"https:\/\/www.ecowater.com\/fr\/contact\/","og_site_name":"EcoWater","article_modified_time":"2024-02-08T21:02:42+00:00","twitter_card":"summary_large_image","schema":{"@context":"https:\/\/schema.org","@graph":[{"@type":"WebPage","@id":"https:\/\/www.ecowater.com\/fr\/contact\/","url":"https:\/\/www.ecowater.com\/fr\/contact\/","name":"Contactez-nous | EcoWater","isPartOf":{"@id":"https:\/\/www.ecowater.com\/fr\/#website"},"datePublished":"2023-10-10T16:38:55+00:00","dateModified":"2024-02-08T21:02:42+00:00","description":"Que vous cherchiez de l\u2019aide pour trouver un expert en traitement de l\u2019eau EcoWater dans votre r\u00e9gion ou que vous ayez des questions concernant des revendeurs ou des commerces, EcoWater est l\u00e0 pour vous aider. Contactez d\u00e8s aujourd\u2019hui un membre de notre \u00e9quipe qui se fera un plaisir de vous servir avec courtoisie.","breadcrumb":{"@id":"https:\/\/www.ecowater.com\/fr\/contact\/#breadcrumb"},"inLanguage":"fr-FR","potentialAction":[{"@type":"ReadAction","target":["https:\/\/www.ecowater.com\/fr\/contact\/"]}]},{"@type":"BreadcrumbList","@id":"https:\/\/www.ecowater.com\/fr\/contact\/#breadcrumb","itemListElement":[{"@type":"ListItem","position":1,"name":"Home","item":"https:\/\/www.ecowater.com\/fr\/"},{"@type":"ListItem","position":2,"name":"Formulaire de contact"}]},{"@type":"WebSite","@id":"https:\/\/www.ecowater.com\/fr\/#website","url":"https:\/\/www.ecowater.com\/fr\/","name":"EcoWater","description":"","publisher":{"@id":"https:\/\/www.ecowater.com\/fr\/#organization"},"potentialAction":[{"@type":"SearchAction","target":{"@type":"EntryPoint","urlTemplate":"https:\/\/www.ecowater.com\/fr\/?s={search_term_string}"},"query-input":{"@type":"PropertyValueSpecification","valueRequired":true,"valueName":"search_term_string"}}],"inLanguage":"fr-FR"},{"@type":"Organization","@id":"https:\/\/www.ecowater.com\/fr\/#organization","name":"EcoWater","url":"https:\/\/www.ecowater.com\/fr\/","logo":{"@type":"ImageObject","inLanguage":"fr-FR","@id":"https:\/\/www.ecowater.com\/fr\/#\/schema\/logo\/image\/","url":"https:\/\/www.ecowater.com\/wp-content\/uploads\/2023\/10\/EcoWater-Logo.svg","contentUrl":"https:\/\/www.ecowater.com\/wp-content\/uploads\/2023\/10\/EcoWater-Logo.svg","caption":"EcoWater"},"image":{"@id":"https:\/\/www.ecowater.com\/fr\/#\/schema\/logo\/image\/"}}]}},"_links":{"self":[{"href":"https:\/\/www.ecowater.com\/fr\/wp-json\/wp\/v2\/pages\/88","targetHints":{"allow":["GET"]}}],"collection":[{"href":"https:\/\/www.ecowater.com\/fr\/wp-json\/wp\/v2\/pages"}],"about":[{"href":"https:\/\/www.ecowater.com\/fr\/wp-json\/wp\/v2\/types\/page"}],"author":[{"embeddable":true,"href":"https:\/\/www.ecowater.com\/fr\/wp-json\/wp\/v2\/users\/1"}],"replies":[{"embeddable":true,"href":"https:\/\/www.ecowater.com\/fr\/wp-json\/wp\/v2\/comments?post=88"}],"version-history":[{"count":19,"href":"https:\/\/www.ecowater.com\/fr\/wp-json\/wp\/v2\/pages\/88\/revisions"}],"predecessor-version":[{"id":5479,"href":"https:\/\/www.ecowater.com\/fr\/wp-json\/wp\/v2\/pages\/88\/revisions\/5479"}],"wp:attachment":[{"href":"https:\/\/www.ecowater.com\/fr\/wp-json\/wp\/v2\/media?parent=88"}],"curies":[{"name":"wp","href":"https:\/\/api.w.org\/{rel}","templated":true}]}}